{"id":7302,"date":"2025-11-11T13:35:03","date_gmt":"2025-11-11T12:35:03","guid":{"rendered":"https:\/\/www.improve-etn.eu\/?page_id=7302"},"modified":"2025-11-11T15:44:31","modified_gmt":"2025-11-11T14:44:31","slug":"fellowpubl","status":"publish","type":"page","link":"https:\/\/www.improve-etn.eu\/index.php\/fellowpubl\/","title":{"rendered":"FellowPUBL"},"content":{"rendered":"\n<p>Biensan C., Taddeucci J., Alatorre-Ibarguengoitia M., Scarlato P., Andronico D., Ricci T., Del Bello E., D\u2019Auria L., Asensio-Ramos M., Palladino D.M., (2025). <strong>In flight fragmentation reduces bomb size range and hazard during explosive volcanic eruptions<\/strong>. <em>Nature &#8211; Scientific Reports<\/em>, <strong>15<\/strong>, 36880, 15 pp. <a href=\"https:\/\/doi.org\/10.1038\/s41598-025-20900-2\">https:\/\/doi.org\/10.1038\/s41598-025-20900-2<\/a><\/p>\n\n\n\n<div data-wp-interactive=\"core\/file\" class=\"wp-block-file\"><object data-wp-bind--hidden=\"!state.hasPdfPreview\" hidden class=\"wp-block-file__embed\" data=\"https:\/\/www.improve-etn.eu\/wp-content\/uploads\/2025\/11\/01_Biensan_etal_2025_NatureSR.pdf\" type=\"application\/pdf\" style=\"width:100%;height:600px\" aria-label=\"Embed of 01_Biensan_etal_2025_NatureSR.\"><\/object><a id=\"wp-block-file--media-11e47a33-3f03-43ea-8312-277753554bed\" href=\"https:\/\/www.improve-etn.eu\/wp-content\/uploads\/2025\/11\/01_Biensan_etal_2025_NatureSR.pdf\">01_Biensan_etal_2025_NatureSR<\/a><a href=\"https:\/\/www.improve-etn.eu\/wp-content\/uploads\/2025\/11\/01_Biensan_etal_2025_NatureSR.pdf\" class=\"wp-block-file__button wp-element-button\" download aria-describedby=\"wp-block-file--media-11e47a33-3f03-43ea-8312-277753554bed\">Download<\/a><\/div>\n\n\n\n<hr class=\"wp-block-separator has-text-color has-pale-cyan-blue-color has-alpha-channel-opacity has-pale-cyan-blue-background-color has-background\"\/>\n\n\n\n<p>Bini G., Lelli M., Caliro S., Ricci T., Mortensen A.K., Sigur\u00f0ard\u00f3ttir \u00c1.K., Santi A., Costa A, (2025). <strong>Gas equilibrium in the H<sub>2<\/sub>O-H<sub>2<\/sub>-CO<sub>2<\/sub>-CO-CH<sub>4<\/sub>&nbsp;system for wet-steam geothermal-well fluids and their sources: A case study from Krafla, Iceland<\/strong>. <em>Geothermics<\/em>, 130, 20 pp. <a href=\"https:\/\/doi.org\/10.1016\/j.geothermics.2025.103322\">https:\/\/doi.org\/10.1016\/j.geothermics.2025.103322<\/a><\/p>\n\n\n\n<div data-wp-interactive=\"core\/file\" class=\"wp-block-file\"><object data-wp-bind--hidden=\"!state.hasPdfPreview\" hidden class=\"wp-block-file__embed\" data=\"https:\/\/www.improve-etn.eu\/wp-content\/uploads\/2025\/11\/02_Bini_etal_2025_Geothermics.pdf\" type=\"application\/pdf\" style=\"width:100%;height:600px\" aria-label=\"Embed of 02_Bini_etal_2025_Geothermics.\"><\/object><a id=\"wp-block-file--media-a537d4f5-5123-4767-b81b-fb94dfaecbe3\" href=\"https:\/\/www.improve-etn.eu\/wp-content\/uploads\/2025\/11\/02_Bini_etal_2025_Geothermics.pdf\">02_Bini_etal_2025_Geothermics<\/a><a href=\"https:\/\/www.improve-etn.eu\/wp-content\/uploads\/2025\/11\/02_Bini_etal_2025_Geothermics.pdf\" class=\"wp-block-file__button wp-element-button\" download aria-describedby=\"wp-block-file--media-a537d4f5-5123-4767-b81b-fb94dfaecbe3\">Download<\/a><\/div>\n\n\n\n<hr class=\"wp-block-separator has-text-color has-pale-cyan-blue-color has-alpha-channel-opacity has-pale-cyan-blue-background-color has-background\"\/>\n\n\n\n<p>Bini G., Tamburello G., Cacciaguerra S., Perfetti P., (2025). <strong>sGs UnMix: a web application for spatial prediction and mixture modeling with a case study on volcanic soil CO<sub>2<\/sub>&nbsp;fluxes<\/strong>. <em>Environmental Modelling &amp; Software<\/em>, 193, 12pp. <a href=\"https:\/\/doi.org\/10.1016\/j.envsoft.2025.106652\">https:\/\/doi.org\/10.1016\/j.envsoft.2025.106652<\/a><\/p>\n\n\n\n<div data-wp-interactive=\"core\/file\" class=\"wp-block-file\"><object data-wp-bind--hidden=\"!state.hasPdfPreview\" hidden class=\"wp-block-file__embed\" data=\"https:\/\/www.improve-etn.eu\/wp-content\/uploads\/2025\/11\/03_Bini_etal_2025_Environmental-Modelling-Software.pdf\" type=\"application\/pdf\" style=\"width:100%;height:600px\" aria-label=\"Embed of 03_Bini_etal_2025_Environmental Modelling &amp; Software.\"><\/object><a id=\"wp-block-file--media-88820dfa-e6c1-44a6-8cac-0444f4b46c65\" href=\"https:\/\/www.improve-etn.eu\/wp-content\/uploads\/2025\/11\/03_Bini_etal_2025_Environmental-Modelling-Software.pdf\">03_Bini_etal_2025_Environmental Modelling &#038; Software<\/a><a href=\"https:\/\/www.improve-etn.eu\/wp-content\/uploads\/2025\/11\/03_Bini_etal_2025_Environmental-Modelling-Software.pdf\" class=\"wp-block-file__button wp-element-button\" download aria-describedby=\"wp-block-file--media-88820dfa-e6c1-44a6-8cac-0444f4b46c65\">Download<\/a><\/div>\n\n\n\n<hr class=\"wp-block-separator has-text-color has-pale-cyan-blue-color has-alpha-channel-opacity has-pale-cyan-blue-background-color has-background\"\/>\n\n\n\n<p>Fehrentz P., Gudmundsson M.T., Reynolds H.I., Mortensen A.K., GunnarsonS.R., Belart J.M.C., Chodora M.A., (2025). <strong>Heat from dyke intrusions released by boiling of warm groundwater and steaming into the atmosphere during the 1975\u20131984 eruptive and intrusive activity at Krafla, Iceland<\/strong>. <em>Journal of Volcanology and Geothermal Research<\/em>, 466, 15 pp. <a href=\"https:\/\/doi.org\/10.1016\/j.jvolgeores.2025.108396\">https:\/\/doi.org\/10.1016\/j.jvolgeores.2025.108396<\/a><\/p>\n\n\n\n<div data-wp-interactive=\"core\/file\" class=\"wp-block-file\"><object data-wp-bind--hidden=\"!state.hasPdfPreview\" hidden class=\"wp-block-file__embed\" data=\"https:\/\/www.improve-etn.eu\/wp-content\/uploads\/2025\/11\/04_Fehrentz_etal_2025_Journal-of-Volcanology-and-Geothermal-Research.pdf\" type=\"application\/pdf\" style=\"width:100%;height:600px\" aria-label=\"Embed of 04_Fehrentz_etal_2025_Journal of Volcanology and Geothermal Research.\"><\/object><a id=\"wp-block-file--media-f3307698-59ac-43f0-acd4-33bd4ea5897a\" href=\"https:\/\/www.improve-etn.eu\/wp-content\/uploads\/2025\/11\/04_Fehrentz_etal_2025_Journal-of-Volcanology-and-Geothermal-Research.pdf\">04_Fehrentz_etal_2025_Journal of Volcanology and Geothermal Research<\/a><a href=\"https:\/\/www.improve-etn.eu\/wp-content\/uploads\/2025\/11\/04_Fehrentz_etal_2025_Journal-of-Volcanology-and-Geothermal-Research.pdf\" class=\"wp-block-file__button wp-element-button\" download aria-describedby=\"wp-block-file--media-f3307698-59ac-43f0-acd4-33bd4ea5897a\">Download<\/a><\/div>\n\n\n\n<hr class=\"wp-block-separator has-text-color has-pale-cyan-blue-color has-alpha-channel-opacity has-pale-cyan-blue-background-color has-background\"\/>\n\n\n\n<p>Gl\u00fcck E., Garambois S., Vandemeulebrouck J., Muzellec T., Virieux J., Mortensen A.K., Gudnason E.\u00c1., \u00c1g\u00fastsd\u00f3ttir T., (2025). <strong>Seismicity Patterns and Multi-Scale Imaging of Krafla, N\u2013E Iceland, With Local Earthquake Tomography<\/strong>. <em>Journal of Geophysical Research: Solid Earth<\/em>, 130(5), 20 pp. <a href=\"https:\/\/doi.org\/10.1029\/2024JB030425\">https:\/\/doi.org\/10.1029\/2024JB030425<\/a><\/p>\n\n\n\n<div data-wp-interactive=\"core\/file\" class=\"wp-block-file\"><object data-wp-bind--hidden=\"!state.hasPdfPreview\" hidden class=\"wp-block-file__embed\" data=\"https:\/\/www.improve-etn.eu\/wp-content\/uploads\/2025\/11\/05_Gluck_etal_2025_JGR-Solid-Earth.pdf\" type=\"application\/pdf\" style=\"width:100%;height:600px\" aria-label=\"Embed of 05_Gl\u00fcck_etal_2025_JGR Solid Earth.\"><\/object><a id=\"wp-block-file--media-49620ab7-4586-4c3d-a760-f06f51f0ee00\" href=\"https:\/\/www.improve-etn.eu\/wp-content\/uploads\/2025\/11\/05_Gluck_etal_2025_JGR-Solid-Earth.pdf\">05_Gl\u00fcck_etal_2025_JGR Solid Earth<\/a><a href=\"https:\/\/www.improve-etn.eu\/wp-content\/uploads\/2025\/11\/05_Gluck_etal_2025_JGR-Solid-Earth.pdf\" class=\"wp-block-file__button wp-element-button\" download aria-describedby=\"wp-block-file--media-49620ab7-4586-4c3d-a760-f06f51f0ee00\">Download<\/a><\/div>\n\n\n\n<hr class=\"wp-block-separator has-text-color has-pale-cyan-blue-color has-alpha-channel-opacity has-pale-cyan-blue-background-color has-background\"\/>\n\n\n\n<p>Maass R., Li K.L., Bean C.J., (2025). <strong>Improving passive reflection seismic imaging in complex geological settings through site effect reduction: application to Krafla volcano, Iceland<\/strong>. <em>Geophysical Journal International<\/em>, 241(2), 756-769. <a href=\"https:\/\/doi.org\/10.1093\/gji\/ggaf072\">https:\/\/doi.org\/10.1093\/gji\/ggaf072<\/a><\/p>\n\n\n\n<div data-wp-interactive=\"core\/file\" class=\"wp-block-file\"><object data-wp-bind--hidden=\"!state.hasPdfPreview\" hidden class=\"wp-block-file__embed\" data=\"https:\/\/www.improve-etn.eu\/wp-content\/uploads\/2025\/11\/06_Maass_etal_2025_Geophysical-Journal-International.pdf\" type=\"application\/pdf\" style=\"width:100%;height:600px\" aria-label=\"Embed of 06_Maass_etal_2025_Geophysical Journal International.\"><\/object><a id=\"wp-block-file--media-f9cd7e03-9c3e-4f6b-9f53-6b1db3d0229c\" href=\"https:\/\/www.improve-etn.eu\/wp-content\/uploads\/2025\/11\/06_Maass_etal_2025_Geophysical-Journal-International.pdf\">06_Maass_etal_2025_Geophysical Journal International<\/a><a href=\"https:\/\/www.improve-etn.eu\/wp-content\/uploads\/2025\/11\/06_Maass_etal_2025_Geophysical-Journal-International.pdf\" class=\"wp-block-file__button wp-element-button\" download aria-describedby=\"wp-block-file--media-f9cd7e03-9c3e-4f6b-9f53-6b1db3d0229c\">Download<\/a><\/div>\n\n\n\n<hr class=\"wp-block-separator has-text-color has-pale-cyan-blue-color has-alpha-channel-opacity has-pale-cyan-blue-background-color has-background\"\/>\n\n\n\n<p>Wolf J., Garnero E., Schwarz B., Leng K., Luo Y., Maass R., West J.D., (2025). <strong>Detection of Lowermost Mantle Heterogeneity Using Seismic Migration of Diffracted S-Waves<\/strong>. <em>Journal of Geophysical Research: Solid Earth<\/em>, 130(6), 19 pp. <a href=\"https:\/\/doi.org\/10.1029\/2025JB031367\">https:\/\/doi.org\/10.1029\/2025JB031367<\/a><\/p>\n\n\n\n<div data-wp-interactive=\"core\/file\" class=\"wp-block-file\"><object data-wp-bind--hidden=\"!state.hasPdfPreview\" hidden class=\"wp-block-file__embed\" data=\"https:\/\/www.improve-etn.eu\/wp-content\/uploads\/2025\/11\/07_Wolf_etal_2025_JGR-Solid-Earth.pdf\" type=\"application\/pdf\" style=\"width:100%;height:600px\" aria-label=\"Embed of 07_Wolf_etal_2025_JGR Solid Earth.\"><\/object><a id=\"wp-block-file--media-4687e403-5122-4431-87a7-74f2be7b291d\" href=\"https:\/\/www.improve-etn.eu\/wp-content\/uploads\/2025\/11\/07_Wolf_etal_2025_JGR-Solid-Earth.pdf\">07_Wolf_etal_2025_JGR Solid Earth<\/a><a href=\"https:\/\/www.improve-etn.eu\/wp-content\/uploads\/2025\/11\/07_Wolf_etal_2025_JGR-Solid-Earth.pdf\" class=\"wp-block-file__button wp-element-button\" download aria-describedby=\"wp-block-file--media-4687e403-5122-4431-87a7-74f2be7b291d\">Download<\/a><\/div>\n\n\n\n<hr class=\"wp-block-separator has-text-color has-pale-cyan-blue-color has-alpha-channel-opacity has-pale-cyan-blue-background-color has-background\"\/>\n\n\n\n<p>Bini G., Chiodini G., Ricci T., Sciarra A., Caliro S., Mortensen A.K., Martini M., Mitchell A., Santi A., Costa A., (2024). <strong>Soil CO<sub>2<\/sub>&nbsp;emission and stable isotopes (\u03b413C, \u03b418O) of CO2 and calcites reveal the fluid origin and thermal energy in the supercritical geothermal system of Krafla, Iceland<\/strong>. <em>Journal of Volcanology and Geothermal Research<\/em>, 447, 17 pp. <a href=\"https:\/\/doi.org\/10.1016\/j.jvolgeores.2024.108032\">https:\/\/doi.org\/10.1016\/j.jvolgeores.2024.108032<\/a><\/p>\n\n\n\n<div data-wp-interactive=\"core\/file\" class=\"wp-block-file\"><object data-wp-bind--hidden=\"!state.hasPdfPreview\" hidden class=\"wp-block-file__embed\" data=\"https:\/\/www.improve-etn.eu\/wp-content\/uploads\/2025\/11\/08_Bini_etal_2024_Journal-of-Volcanology-and-Geothermal-Research.pdf\" type=\"application\/pdf\" style=\"width:100%;height:600px\" aria-label=\"Embed of 08_Bini_etal_2024_Journal of Volcanology and Geothermal Research.\"><\/object><a id=\"wp-block-file--media-80c6c41f-22bc-4ed5-a58c-12297fe19584\" href=\"https:\/\/www.improve-etn.eu\/wp-content\/uploads\/2025\/11\/08_Bini_etal_2024_Journal-of-Volcanology-and-Geothermal-Research.pdf\">08_Bini_etal_2024_Journal of Volcanology and Geothermal Research<\/a><a href=\"https:\/\/www.improve-etn.eu\/wp-content\/uploads\/2025\/11\/08_Bini_etal_2024_Journal-of-Volcanology-and-Geothermal-Research.pdf\" class=\"wp-block-file__button wp-element-button\" download aria-describedby=\"wp-block-file--media-80c6c41f-22bc-4ed5-a58c-12297fe19584\">Download<\/a><\/div>\n\n\n\n<hr class=\"wp-block-separator has-text-color has-pale-cyan-blue-color has-alpha-channel-opacity has-pale-cyan-blue-background-color has-background\"\/>\n\n\n\n<p>Maass R., Schippkus S., Hadziioannou C., Schwarz B., Jousset P., Krawczy C.M., (2024). <strong>Stacking of distributed dynamic strain reveals link between seismic velocity changes and the 2020 unrest in Reykjanes<\/strong>. <em>Journal of Geophysical Research: Solid Earth<\/em>, 129(6), 18 pp. <a href=\"https:\/\/doi.org\/10.1029\/2023JB028320\">https:\/\/doi.org\/10.1029\/2023JB028320<\/a><\/p>\n\n\n\n<div data-wp-interactive=\"core\/file\" class=\"wp-block-file\"><object data-wp-bind--hidden=\"!state.hasPdfPreview\" hidden class=\"wp-block-file__embed\" data=\"https:\/\/www.improve-etn.eu\/wp-content\/uploads\/2025\/11\/09_Maass_etal_2024_JGR-Solid-Earth.pdf\" type=\"application\/pdf\" style=\"width:100%;height:600px\" aria-label=\"Embed of 09_Maass_etal_2024_JGR Solid Earth.\"><\/object><a id=\"wp-block-file--media-3bdf57d4-be59-47a8-8c17-d8049aedfc00\" href=\"https:\/\/www.improve-etn.eu\/wp-content\/uploads\/2025\/11\/09_Maass_etal_2024_JGR-Solid-Earth.pdf\">09_Maass_etal_2024_JGR Solid Earth<\/a><a href=\"https:\/\/www.improve-etn.eu\/wp-content\/uploads\/2025\/11\/09_Maass_etal_2024_JGR-Solid-Earth.pdf\" class=\"wp-block-file__button wp-element-button\" download aria-describedby=\"wp-block-file--media-3bdf57d4-be59-47a8-8c17-d8049aedfc00\">Download<\/a><\/div>\n\n\n\n<hr class=\"wp-block-separator has-text-color has-pale-cyan-blue-color has-alpha-channel-opacity has-pale-cyan-blue-background-color has-background\"\/>\n\n\n\n<p>Yang Y., Sigmundsson F., Geirsson H., (2023). <strong>Joint Bayesian Modeling of Velocity Break Points, Noise Characteristics, and Their Uncertainties in GNSS Time Series: Far-Field Velocity Anomalies Concurrent With Magmatic Activity in Iceland<\/strong>. <em>Geophysical research Letters, 50(14), <\/em>11 pp. <a href=\"https:\/\/doi.org\/10.1029\/2023GL103432\">https:\/\/doi.org\/10.1029\/2023GL103432<\/a><\/p>\n\n\n\n<div data-wp-interactive=\"core\/file\" class=\"wp-block-file\"><object data-wp-bind--hidden=\"!state.hasPdfPreview\" hidden class=\"wp-block-file__embed\" data=\"https:\/\/www.improve-etn.eu\/wp-content\/uploads\/2025\/11\/10_Yang_etal_2023_Geophysical-Research-Letters.pdf\" type=\"application\/pdf\" style=\"width:100%;height:600px\" aria-label=\"Embed of 10_Yang_etal_2023_Geophysical Research Letters.\"><\/object><a id=\"wp-block-file--media-ebb4ce17-0622-4795-9f6b-1b4e848e3745\" href=\"https:\/\/www.improve-etn.eu\/wp-content\/uploads\/2025\/11\/10_Yang_etal_2023_Geophysical-Research-Letters.pdf\">10_Yang_etal_2023_Geophysical Research Letters<\/a><a href=\"https:\/\/www.improve-etn.eu\/wp-content\/uploads\/2025\/11\/10_Yang_etal_2023_Geophysical-Research-Letters.pdf\" class=\"wp-block-file__button wp-element-button\" download aria-describedby=\"wp-block-file--media-ebb4ce17-0622-4795-9f6b-1b4e848e3745\">Download<\/a><\/div>\n","protected":false},"excerpt":{"rendered":"<p>Biensan C., Taddeucci J., Alatorre-Ibarguengoitia M., Scarlato P., Andronico D., Ricci T., Del Bello E., D\u2019Auria L., Asensio-Ramos M., Palladino D.M., (2025). In flight fragmentation reduces bomb size range and hazard during explosive volcanic eruptions. Nature &#8211; Scientific Reports, 15, 36880, 15 pp. https:\/\/doi.org\/10.1038\/s41598-025-20900-2 Bini G., Lelli M., Caliro S., Ricci T., Mortensen A.K., Sigur\u00f0ard\u00f3ttir [&hellip;]<\/p>\n","protected":false},"author":1,"featured_media":0,"parent":0,"menu_order":0,"comment_status":"closed","ping_status":"closed","template":"","meta":{"footnotes":""},"class_list":["post-7302","page","type-page","status-publish","hentry"],"jetpack_sharing_enabled":true,"_links":{"self":[{"href":"https:\/\/www.improve-etn.eu\/index.php\/wp-json\/wp\/v2\/pages\/7302","targetHints":{"allow":["GET"]}}],"collection":[{"href":"https:\/\/www.improve-etn.eu\/index.php\/wp-json\/wp\/v2\/pages"}],"about":[{"href":"https:\/\/www.improve-etn.eu\/index.php\/wp-json\/wp\/v2\/types\/page"}],"author":[{"embeddable":true,"href":"https:\/\/www.improve-etn.eu\/index.php\/wp-json\/wp\/v2\/users\/1"}],"replies":[{"embeddable":true,"href":"https:\/\/www.improve-etn.eu\/index.php\/wp-json\/wp\/v2\/comments?post=7302"}],"version-history":[{"count":21,"href":"https:\/\/www.improve-etn.eu\/index.php\/wp-json\/wp\/v2\/pages\/7302\/revisions"}],"predecessor-version":[{"id":7348,"href":"https:\/\/www.improve-etn.eu\/index.php\/wp-json\/wp\/v2\/pages\/7302\/revisions\/7348"}],"wp:attachment":[{"href":"https:\/\/www.improve-etn.eu\/index.php\/wp-json\/wp\/v2\/media?parent=7302"}],"curies":[{"name":"wp","href":"https:\/\/api.w.org\/{rel}","templated":true}]}}