{"id":5760,"date":"2023-04-27T12:14:04","date_gmt":"2023-04-27T10:14:04","guid":{"rendered":"https:\/\/www.improve-etn.eu\/?page_id=5760"},"modified":"2025-11-11T12:29:32","modified_gmt":"2025-11-11T11:29:32","slug":"papers","status":"publish","type":"page","link":"https:\/\/www.improve-etn.eu\/index.php\/papers\/","title":{"rendered":"Papers"},"content":{"rendered":"\n<table id=\"tablepress-109\" class=\"tablepress tablepress-id-109\">\n<thead>\n<tr class=\"row-1\">\n\t<th class=\"column-1\">ANNO<\/th><th class=\"column-2\">AUTORI<\/th><th class=\"column-3\">TITOLO<\/th><th class=\"column-4\">RIVISTA<\/th><th class=\"column-5\">HTTPS DOI<\/th>\n<\/tr>\n<\/thead>\n<tbody class=\"row-striping row-hover\">\n<tr class=\"row-2\">\n\t<td class=\"column-1\">2025<\/td><td class=\"column-2\">Biensan C., Taddeucci J., Alatorre-Ibarguengoitia M.,  Scarlato P., Andronico D., Ricci T., Del Bello E., D\u2019Auria L., Asensio-Ramos M., Palladino D.M. <\/td><td class=\"column-3\"><strong>In flight fragmentation reduces bomb size range and hazard during explosive volcanic eruptions<\/strong><\/td><td class=\"column-4\"><em>Nature - Scientific Reports<\/em><\/td><td class=\"column-5\"><a href=\"https:\/\/doi.org\/10.1038\/s41598-025-20900-2\" target=\"_blank\">https:\/\/doi.org\/10.1038\/s41598-025-20900-2<\/a><\/td>\n<\/tr>\n<tr class=\"row-3\">\n\t<td class=\"column-1\">2025<\/td><td class=\"column-2\">Bini G., Lelli M., Caliro S., Ricci T., Mortensen A.K.,  Sigur\u00f0ard\u00f3ttir \u00c1.K., Santi A., Costa A.<\/td><td class=\"column-3\"><strong>Gas equilibrium in the H<sub>2<\/sub>O-H<sub>2<\/sub>-CO<sub>2<\/sub>-CO-CH<sub>4<\/sub> system for wet-steam geothermal-well fluids and their sources: A case study from Krafla, Iceland<\/strong><\/td><td class=\"column-4\"><em>Geothermics<\/em><\/td><td class=\"column-5\"><a href=\"https:\/\/doi.org\/10.1016\/j.geothermics.2025.103322\" target=\"_blank\">https:\/\/doi.org\/10.1016\/j.geothermics.2025.103322<\/a><\/td>\n<\/tr>\n<tr class=\"row-4\">\n\t<td class=\"column-1\">2025<\/td><td class=\"column-2\">Bini G., Tamburello G., Cacciaguerra S., Perfetti P.<\/td><td class=\"column-3\"><strong>sGs UnMix: a web application for spatial prediction and mixture modeling with a case study on volcanic soil CO<sub>2<\/sub> fluxes<\/strong><\/td><td class=\"column-4\"><em>Environmental Modelling &amp; Software<\/em><\/td><td class=\"column-5\"><a href=\"https:\/\/doi.org\/10.1016\/j.envsoft.2025.106652\" target=\"_blank\">https:\/\/doi.org\/10.1016\/j.envsoft.2025.106652<\/a><\/td>\n<\/tr>\n<tr class=\"row-5\">\n\t<td class=\"column-1\">2025<\/td><td class=\"column-2\">Fehrentz P., Gudmundsson M.T., Reynolds H.I., Mortensen A.K., GunnarsonS.R., Belart J.M.C., Chodora M.A.<\/td><td class=\"column-3\"><strong>Heat from dyke intrusions released by boiling of warm groundwater and steaming into the atmosphere during the 1975\u20131984 eruptive and intrusive activity at Krafla, Iceland<strong><\/td><td class=\"column-4\"><em>Journal of Volcanology and Geothermal Research<\/em><\/td><td class=\"column-5\"><a href=\"https:\/\/doi.org\/10.1016\/j.jvolgeores.2025.108396\" target=\"_blank\">https:\/\/doi.org\/10.1016\/j.jvolgeores.2025.108396<\/a><\/td>\n<\/tr>\n<tr class=\"row-6\">\n\t<td class=\"column-1\">2025<\/td><td class=\"column-2\">Gl\u00fcck E., Garambois S., Vandemeulebrouck J., Muzellec T., Virieux J., Mortensen A.K., Gudnason E.\u00c1., \u00c1g\u00fastsd\u00f3ttir T.<\/td><td class=\"column-3\"><strong>Seismicity Patterns and Multi-Scale Imaging of Krafla, N\u2013E Iceland, With Local Earthquake Tomography<\/strong><\/td><td class=\"column-4\"><em>Journal of Geophysical Research: Solid Earth<\/em><\/td><td class=\"column-5\"><a href=\"https:\/\/doi.org\/10.1029\/2024JB030425\" target=\"_blank\">https:\/\/doi.org\/10.1029\/2024JB030425<\/a><\/td>\n<\/tr>\n<tr class=\"row-7\">\n\t<td class=\"column-1\">2025<\/td><td class=\"column-2\">Maass R., Li K.L., Bean C.J.<\/td><td class=\"column-3\"><strong>Improving passive reflection seismic imaging in complex geological settings through site effect reduction: application to Krafla volcano, Iceland<\/strong><\/td><td class=\"column-4\"><em>Geophysical Journal International<\/em><\/td><td class=\"column-5\"><a href=\"https:\/\/doi.org\/10.1093\/gji\/ggaf072\" target=\"_blank\">https:\/\/doi.org\/10.1093\/gji\/ggaf072<\/a><\/td>\n<\/tr>\n<tr class=\"row-8\">\n\t<td class=\"column-1\">2025<\/td><td class=\"column-2\">Wolf J., Garnero E., Schwarz B., Leng K., Luo Y., Maass R., West J.D.<\/td><td class=\"column-3\"><strong>Detection of Lowermost Mantle Heterogeneity Using Seismic Migration of Diffracted S-Waves<\/strong><\/td><td class=\"column-4\"><em>Journal of Geophysical Research: Solid Earth<\/em><\/td><td class=\"column-5\"><a href=\"https:\/\/doi.org\/10.1029\/2025JB031367\" target=\"_blank\">https:\/\/doi.org\/10.1029\/2025JB031367<\/a><\/td>\n<\/tr>\n<tr class=\"row-9\">\n\t<td class=\"column-1\">2024<\/td><td class=\"column-2\">Bini G., G. Chiodini, T. Ricci, A. Sciarra, S. Caliro, A.K. Mortensen, M. Martini, A. Mitchell, A. Santi, A. Costa<\/td><td class=\"column-3\"><strong>Soil CO<sub>2<\/sub> emission and stable isotopes (\u03b413C, \u03b418O) of CO2 and calcites reveal the fluid origin and thermal energy in the supercritical geothermal system of Krafla, Iceland<\/strong><\/td><td class=\"column-4\"><em>Journal of Volcanology and Geothermal Research<\/em><\/td><td class=\"column-5\"><a href=\"https:\/\/doi.org\/10.1016\/j.jvolgeores.2024.108032\" target=\"_blank\">https:\/\/doi.org\/10.1016\/j.jvolgeores.2024.108032<\/a><\/td>\n<\/tr>\n<tr class=\"row-10\">\n\t<td class=\"column-1\">2024<\/td><td class=\"column-2\">Maass R., Schippkus S., Hadziioannou C., Schwarz B., Jousset P., Krawczy C.M.<\/td><td class=\"column-3\"><strong>Stacking of distributed dynamic strain reveals link between seismic velocity changes and the 2020 unrest in Reykjanes<\/strong><\/td><td class=\"column-4\"><em>Journal of Geophysical Research: Solid Earth<\/em><\/td><td class=\"column-5\"><a href=\"https:\/\/doi.org\/10.1029\/2023JB028320\" target=\"_blank\">https:\/\/doi.org\/10.1029\/2023JB028320<\/a><\/td>\n<\/tr>\n<tr class=\"row-11\">\n\t<td class=\"column-1\">2023<\/td><td class=\"column-2\">Yang Y., Sigmundsson F., Geirsson H.<\/td><td class=\"column-3\"><strong>Joint Bayesian Modeling of Velocity Break Points, Noise Characteristics, and Their Uncertainties in GNSS Time Series: Far-Field Velocity Anomalies Concurrent With Magmatic Activity in Iceland<\/strong><\/td><td class=\"column-4\"><em>Geophysical research Letters<\/em><\/td><td class=\"column-5\"><a href=\"https:\/\/doi.org\/10.1029\/2023GL103432\" target=\"_blank\">https:\/\/doi.org\/10.1029\/2023GL103432<\/a><\/td>\n<\/tr>\n<\/tbody>\n<\/table>\n<!-- #tablepress-109 from cache -->\n\n\n\n<p><\/p>\n","protected":false},"excerpt":{"rendered":"","protected":false},"author":1,"featured_media":0,"parent":0,"menu_order":0,"comment_status":"closed","ping_status":"closed","template":"","meta":{"footnotes":""},"class_list":["post-5760","page","type-page","status-publish","hentry"],"jetpack_sharing_enabled":true,"_links":{"self":[{"href":"https:\/\/www.improve-etn.eu\/index.php\/wp-json\/wp\/v2\/pages\/5760","targetHints":{"allow":["GET"]}}],"collection":[{"href":"https:\/\/www.improve-etn.eu\/index.php\/wp-json\/wp\/v2\/pages"}],"about":[{"href":"https:\/\/www.improve-etn.eu\/index.php\/wp-json\/wp\/v2\/types\/page"}],"author":[{"embeddable":true,"href":"https:\/\/www.improve-etn.eu\/index.php\/wp-json\/wp\/v2\/users\/1"}],"replies":[{"embeddable":true,"href":"https:\/\/www.improve-etn.eu\/index.php\/wp-json\/wp\/v2\/comments?post=5760"}],"version-history":[{"count":38,"href":"https:\/\/www.improve-etn.eu\/index.php\/wp-json\/wp\/v2\/pages\/5760\/revisions"}],"predecessor-version":[{"id":7301,"href":"https:\/\/www.improve-etn.eu\/index.php\/wp-json\/wp\/v2\/pages\/5760\/revisions\/7301"}],"wp:attachment":[{"href":"https:\/\/www.improve-etn.eu\/index.php\/wp-json\/wp\/v2\/media?parent=5760"}],"curies":[{"name":"wp","href":"https:\/\/api.w.org\/{rel}","templated":true}]}}