{"id":5426,"date":"2022-09-20T15:34:20","date_gmt":"2022-09-20T13:34:20","guid":{"rendered":"https:\/\/www.improve-etn.eu\/?page_id=5426"},"modified":"2024-04-23T16:14:27","modified_gmt":"2024-04-23T14:14:27","slug":"ana-martinez-garcia","status":"publish","type":"page","link":"https:\/\/www.improve-etn.eu\/index.php\/researchers\/ana-martinez-garcia\/","title":{"rendered":"Ana Martinez Garcia"},"content":{"rendered":"\n<div class=\"wp-block-media-text alignwide is-stacked-on-mobile\" style=\"grid-template-columns:15% auto\"><figure class=\"wp-block-media-text__media\"><img loading=\"lazy\" decoding=\"async\" width=\"271\" height=\"271\" src=\"https:\/\/www.improve-etn.eu\/wp-content\/uploads\/2022\/09\/AnaMartinez.png\" alt=\"Ana Martinez\" class=\"wp-image-5427 size-full\" srcset=\"https:\/\/www.improve-etn.eu\/wp-content\/uploads\/2022\/09\/AnaMartinez.png 271w, https:\/\/www.improve-etn.eu\/wp-content\/uploads\/2022\/09\/AnaMartinez-150x150.png 150w\" sizes=\"auto, (max-width: 271px) 100vw, 271px\" \/><\/figure><div class=\"wp-block-media-text__content\">\n<h3 class=\"wp-block-heading\">Ana Martinez Garcia<\/h3>\n\n\n\n<p><strong>Nationality<\/strong>: Spanish<br><strong>Institution<\/strong>: University of Bristol<br><strong>Country<\/strong>: United Kingdom<br><strong>Research Title<\/strong>: Shallow crustal density distribution and its evolution at the Krafla volcanic system<\/p>\n<\/div><\/div>\n\n\n\n<hr class=\"wp-block-separator has-text-color has-alpha-channel-opacity has-background\" style=\"background-color:#cecece;color:#cecece\"\/>\n\n\n\n<h4 class=\"wp-block-heading\">PROJECT SUMMARY<\/h4>\n\n\n\n<p>This project has two main objectives the modelization of the shallow subsurface density distribution and study the short and mid-term evolution of the Krafla sub-volcanic system. To achieve these objectives static and dynamic measurement in surroundings Krafla will be acquired and added to the previous gravity surveys. The static gravity data will be inverted and<br>combined with other multiparametric data to obtain a good 3D model of the density anomaly beneath Krafla caldera. The dynamic gravity measurements will be process and linked with the previous microgravity surveys recorded in the last decades and jointly with ground deformation will allow us to know the evolution of the sub-volcanic system.<\/p>\n\n\n\n<h4 class=\"wp-block-heading\">Scientific Background<\/h4>\n\n\n\n<p>I graduate from University of Salamanca with a BSc in Geology. My undergraduate thesis was based on the characterization of zircon from Ordovician volcanoclastic sediments to know the date of the responsible eruption for the sediments in the Cantabrian Zone. I continued with a master\u2019s degree in Geophysics and Geology of Reservoirs at University of Barcelona where I had the opportunity to do my thesis in the National Research Center of Earth Sciences Jaume Almera (CSIC-ICTJA) working jointly with the seismic group to study the mid-crustal discontinuity along the Variscan Iberia interpreting jointly different deep seismic profiles. This research was recognized with an award to one of the best national master thesis for the year 2020 for the Spanish Geological and Miner Institute.<\/p>\n\n\n\n<h4 class=\"wp-block-heading\">Activity Record<\/h4>\n\n\n<style>#sp-ea-6627 .spcollapsing { height: 0; overflow: hidden; transition-property: height;transition-duration: 300ms;}#sp-ea-6627.sp-easy-accordion>.sp-ea-single {margin-bottom: 10px; border: 1px solid #5f95db; }#sp-ea-6627.sp-easy-accordion>.sp-ea-single>.ea-header a {color: #496ba8;}#sp-ea-6627.sp-easy-accordion>.sp-ea-single>.sp-collapse>.ea-body {background: #ffffff; color: #444;}#sp-ea-6627.sp-easy-accordion>.sp-ea-single {background: #eff4fc;}#sp-ea-6627.sp-easy-accordion>.sp-ea-single>.ea-header a .ea-expand-icon { float: right; color: #496ba8;font-size: 16px;}#sp-ea-6627.sp-easy-accordion>.sp-ea-single>.ea-header a .ea-expand-icon {margin-right: 0;}<\/style><div id=\"sp_easy_accordion-1713881070\"><div id=\"sp-ea-6627\" class=\"sp-ea-one sp-easy-accordion\" data-ea-active=\"ea-click\" data-ea-mode=\"vertical\" data-preloader=\"\" data-scroll-active-item=\"\" data-offset-to-scroll=\"0\"><div class=\"ea-card ea-expand sp-ea-single\"><h3 class=\"ea-header\"><a class=\"collapsed\" id=\"ea-header-66270\" role=\"button\" data-sptoggle=\"spcollapse\" data-sptarget=\"#collapse66270\" aria-controls=\"collapse66270\" href=\"#\" aria-expanded=\"true\" tabindex=\"0\"><i aria-hidden=\"true\" role=\"presentation\" class=\"ea-expand-icon eap-icon-ea-expand-minus\"><\/i> Publications<\/a><\/h3><div class=\"sp-collapse spcollapse collapsed show\" id=\"collapse66270\" data-parent=\"#sp-ea-6627\" role=\"region\" aria-labelledby=\"ea-header-66270\"> <div class=\"ea-body\"><table id=\"tablepress-85\" class=\"tablepress tablepress-id-85\"><thead><tr class=\"row-1\"><th class=\"column-1\">Year<\/th><th class=\"column-2\">Authors<\/th><th class=\"column-3\">Title<\/th><th class=\"column-4\">Journal<br \/><\/th><th class=\"column-5\">Volume<\/th><th class=\"column-6\">DOI<\/th><\/tr><\/thead><tbody class=\"row-striping row-hover\"><tr class=\"row-2\"><td class=\"column-1\">2021<\/td><td class=\"column-2\">Guti\u00e9rrez-Alonso G., A. L\u00f3pez-Carmona, E. N\u00fa\u00f1ez-Guerrero, A. Mart\u00ednez Garc\u00eda, J. Fern\u00e1ndez-Su\u00e1rez, D. Pastor-Gal\u00e1n, J. C. Guti\u00e9rrez-Marco, E. Bern\u00e1rdez, J. R. Colmenero, M. Hofmann, U. Linnemann<\/td><td class=\"column-3\">Neoproterozoic\u2013paleozoic detrital sources in the Variscan foreland of northern Iberia: primary v. recycled sediments<\/td><td class=\"column-4\">Geological Society, London, Special Publications<\/td><td class=\"column-5\">503<\/td><td class=\"column-6\"><a href=\"https:\/\/doi.org\/10.1144\/SP503-2020-21\" rel=\"noopener\" target=\"_blank\">https:\/\/doi.org\/10.1144\/SP503-2020-21<\/a><a href=\"https:\/\/doi.org\/10.1016\/j.jvolgeores.2024.108032\" target=\"blank\" rel=\"noopener\">https:\/\/doi.org\/10.1016\/j.jvolgeores.2024.108032<\/a><\/td><\/tr><tr class=\"row-3\"><td class=\"column-1\">2021<\/td><td class=\"column-2\">Ayarza P., J.R. Mart\u00ednez Catal\u00e1n, A. Mart\u00ednez Garc\u00eda, J. Alcalde, J. Andr\u00e9s, J.F. Simancas, I. Palomeras, D. Mart\u00ed, I. DeFelipe, C. Juhlin, and R. Carbonell<\/td><td class=\"column-3\">Evolution of the Iberian Massif as deduced from its crustal thickness and geometry of a mid-crustal (Conrad) discontinuity<\/td><td class=\"column-4\">Solid Earth<\/td><td class=\"column-5\">12(7)<\/td><td class=\"column-6\"><a href=\"https:\/\/doi.org\/10.5194\/se-12-1515-2021\" rel=\"noopener\" target=\"_blank\">https:\/\/doi.org\/10.5194\/se-12-1515-2021<\/a><\/td><\/tr><tr class=\"row-4\"><td class=\"column-1\">2022<\/td><td class=\"column-2\">Segura J.M., R.C. Bezerra de Melo, A. Mart\u00edne, J. Alvarellos, M. Mor\u00f3n, S. Fontenla, E. Vargas, C. Rojas, J.I. Arregui<\/td><td class=\"column-3\">Fracture Assessment From Well-Centered and Reservoir Scale Coupled Geomechanical Models<\/td><td class=\"column-4\">ARMA\/DGS\/SEG International Geomechanics Symposium<\/td><td class=\"column-5\"><\/td><td class=\"column-6\"><a href=\"https:\/\/doi.org\/10.56952\/IGS-2022-148\" rel=\"noopener\" target=\"_blank\">https:\/\/doi.org\/10.56952\/IGS-2022-148<\/a><\/td><\/tr><\/tbody><\/table><\/div><\/div><\/div><div class=\"ea-card sp-ea-single\"><h3 class=\"ea-header\"><a class=\"collapsed\" id=\"ea-header-66271\" role=\"button\" data-sptoggle=\"spcollapse\" data-sptarget=\"#collapse66271\" aria-controls=\"collapse66271\" href=\"#\" aria-expanded=\"false\" tabindex=\"0\"><i aria-hidden=\"true\" role=\"presentation\" class=\"ea-expand-icon eap-icon-ea-expand-plus\"><\/i> Conference - Workshop - Meeting<\/a><\/h3><div class=\"sp-collapse spcollapse \" id=\"collapse66271\" data-parent=\"#sp-ea-6627\" role=\"region\" aria-labelledby=\"ea-header-66271\"> <div class=\"ea-body\"><table id=\"tablepress-87\" class=\"tablepress tablepress-id-87\"><thead><tr class=\"row-1\"><th class=\"column-1\">Year<\/th><th class=\"column-2\">Authors<\/th><th class=\"column-3\">Title<\/th><th class=\"column-4\">Congress<\/th><th class=\"column-5\">Type<\/th><th class=\"column-6\">DOI<\/th><\/tr><\/thead><tbody class=\"row-striping row-hover\"><tr class=\"row-2\"><td class=\"column-1\">2023<\/td><td class=\"column-2\">Ana Martinez Garcia, Joachim Gottsmann, and Alison Rust<\/td><td class=\"column-3\"> The long-term evolution at Krafla Volcanic System, Iceland, by time-lapse microgravity.<\/td><td class=\"column-4\">EGU General Assembly 2023<\/td><td class=\"column-5\">Poster<\/td><td class=\"column-6\"><a href=\"https:\/\/doi.org\/10.5194\/egusphere-egu23-5163\">https:\/\/doi.org\/10.5194\/egusphere-egu23-5163<\/a><\/td><\/tr><tr class=\"row-3\"><td class=\"column-1\">2024<\/td><td class=\"column-2\">Ana Martinez Garcia, James Wookey, Alison Rust, &amp; Joachim Gottsmann.<\/td><td class=\"column-3\">Model of the shallow crustal density distribution of the Krafla Volcanic System<\/td><td class=\"column-4\">The Volcanic and Magmatic Studies Group<\/td><td class=\"column-5\">Poster<\/td><td class=\"column-6\"><\/td><\/tr><tr class=\"row-4\"><td class=\"column-1\">2024<\/td><td class=\"column-2\">Ana Martinez, James Wookey, Alison Rust and Joachim Gottsmann <\/td><td class=\"column-3\">Fifty years of gravity at Krafla: signatures of magmatic and geothermal systems syn- and post-rifting<\/td><td class=\"column-4\">AGU<\/td><td class=\"column-5\">Poster<\/td><td class=\"column-6\"><a href=\"https:\/\/agu.confex.com\/agu\/agu24\/meetingapp.cgi\/Paper\/1617212\" target=\"_blank\">https:\/\/agu.confex.com\/agu\/agu24\/meetingapp.cgi\/Paper\/1617212<\/a><\/td><\/tr><tr class=\"row-5\"><td class=\"column-1\">2025<\/td><td class=\"column-2\">Ana Martinez Garcia, Joachim Gottsmann, James Wookey, Alison Rust<\/td><td class=\"column-3\">Structural control of subsurface processes using a finite-element-based dynamic model of mid and short-term crustal evolution at Krafla volcano<\/td><td class=\"column-4\">IAVCEI<\/td><td class=\"column-5\">Presentation<\/td><td class=\"column-6\"><a href=\"https:\/\/e5k.github.io\/IAVCEI-SA2025\/abstracts\/2-3-7\/\" target=\"_blank\">https:\/\/e5k.github.io\/IAVCEI-SA2025\/abstracts\/2-3-7\/<\/a><\/td><\/tr><\/tbody><\/table><\/div><\/div><\/div><div class=\"ea-card sp-ea-single\"><h3 class=\"ea-header\"><a class=\"collapsed\" id=\"ea-header-66272\" role=\"button\" data-sptoggle=\"spcollapse\" data-sptarget=\"#collapse66272\" aria-controls=\"collapse66272\" href=\"#\" aria-expanded=\"false\" tabindex=\"0\"><i aria-hidden=\"true\" role=\"presentation\" class=\"ea-expand-icon eap-icon-ea-expand-plus\"><\/i> Training Events Attended<\/a><\/h3><div class=\"sp-collapse spcollapse \" id=\"collapse66272\" data-parent=\"#sp-ea-6627\" role=\"region\" aria-labelledby=\"ea-header-66272\"> <div class=\"ea-body\"><table id=\"tablepress-88\" class=\"tablepress tablepress-id-88\"><thead><tr class=\"row-1\"><th class=\"column-1\">Data (from)<\/th><th class=\"column-2\">Data (to)<\/th><th class=\"column-3\">Type<\/th><th class=\"column-4\">Title<\/th><th class=\"column-5\">Venue<\/th><\/tr><\/thead><tbody class=\"row-striping row-hover\"><tr class=\"row-2\"><td class=\"column-1\">6\/11\/2022<\/td><td class=\"column-2\">6\/16\/2022<\/td><td class=\"column-3\">School<\/td><td class=\"column-4\">Geothermal and Magmatic Systems<\/td><td class=\"column-5\">Laugar, Reykjadalur, North Iceland<\/td><\/tr><tr class=\"row-3\"><td class=\"column-1\">6\/11\/2022<\/td><td class=\"column-2\">6\/16\/2022<\/td><td class=\"column-3\">School<\/td><td class=\"column-4\">Geothermal and Magmatic Systems<\/td><td class=\"column-5\">Laugar, Reykjadalur, North Iceland<\/td><\/tr><tr class=\"row-4\"><td class=\"column-1\">6\/17\/2022<\/td><td class=\"column-2\">7\/3\/2022<\/td><td class=\"column-3\">Multiparametric Experiment<\/td><td class=\"column-4\">Krafla multiparametric experiment<\/td><td class=\"column-5\">Krafla, Iceland<\/td><\/tr><tr class=\"row-5\"><td class=\"column-1\">1\/21\/2023<\/td><td class=\"column-2\">1\/23\/2023<\/td><td class=\"column-3\">Specialized Short Course<\/td><td class=\"column-4\">Seismology and Imaging<\/td><td class=\"column-5\">ISTerre, Grenoble, France<\/td><\/tr><tr class=\"row-6\"><td class=\"column-1\">3\/27\/2023<\/td><td class=\"column-2\">3\/21\/2023<\/td><td class=\"column-3\">Specialized Short Course<\/td><td class=\"column-4\">Volcano Geodesy<\/td><td class=\"column-5\">Bristol, UK<\/td><\/tr><tr class=\"row-7\"><td class=\"column-1\">5\/15\/2023<\/td><td class=\"column-2\">5\/19\/2023<\/td><td class=\"column-3\">School<\/td><td class=\"column-4\">Geophysical data inversion and numerical forward modelling<\/td><td class=\"column-5\">Carlingford, Ireland<\/td><\/tr><tr class=\"row-8\"><td class=\"column-1\">7\/24\/2023<\/td><td class=\"column-2\">7\/28\/2023<\/td><td class=\"column-3\">School<\/td><td class=\"column-4\">Multiparametric Volcano Monitoring: Data Processing, Analysis and Modelling<\/td><td class=\"column-5\">Nicolosi (Sicily), Italy<\/td><\/tr><tr class=\"row-9\"><td class=\"column-1\">7\/23\/2023<\/td><td class=\"column-2\">8\/2\/2023<\/td><td class=\"column-3\">Multiparametric Experiment<\/td><td class=\"column-4\">Etna multiparametric experiment<\/td><td class=\"column-5\">Mount Etna (Sicily), Italy<\/td><\/tr><tr class=\"row-10\"><td class=\"column-1\">2\/9\/2023<\/td><td class=\"column-2\">2\/9\/2023<\/td><td class=\"column-3\">Digital Training Module<\/td><td class=\"column-4\">How to write your first paper and get it published<\/td><td class=\"column-5\">Online<\/td><\/tr><tr class=\"row-11\"><td class=\"column-1\">08\/04\/2024<\/td><td class=\"column-2\">28\/05\/2024<\/td><td class=\"column-3\">Specialized Short Course<\/td><td class=\"column-4\">Petrophysical properties - from the laboratory to the field and modelling <\/td><td class=\"column-5\">LMU, Munich, Germany<\/td><\/tr><tr class=\"row-12\"><td class=\"column-1\">28\/05\/2025<\/td><td class=\"column-2\">31\/05\/2025<\/td><td class=\"column-3\">School<\/td><td class=\"column-4\">Multi-facet Science: data, models, infrastructure, industry and communication<\/td><td class=\"column-5\">GFZ, Potsdam, Germany<\/td><\/tr><\/tbody><\/table><\/div><\/div><\/div><div class=\"ea-card sp-ea-single\"><h3 class=\"ea-header\"><a class=\"collapsed\" id=\"ea-header-66273\" role=\"button\" data-sptoggle=\"spcollapse\" data-sptarget=\"#collapse66273\" aria-controls=\"collapse66273\" href=\"#\" aria-expanded=\"false\" tabindex=\"0\"><i aria-hidden=\"true\" role=\"presentation\" class=\"ea-expand-icon eap-icon-ea-expand-plus\"><\/i> Other Activities<\/a><\/h3><div class=\"sp-collapse spcollapse \" id=\"collapse66273\" data-parent=\"#sp-ea-6627\" role=\"region\" aria-labelledby=\"ea-header-66273\"> <div class=\"ea-body\"><table id=\"tablepress-89\" class=\"tablepress tablepress-id-89\"><thead><tr class=\"row-1\"><th class=\"column-1\">Data (from)<\/th><th class=\"column-2\">Data (to)<\/th><th class=\"column-3\">Type<\/th><th class=\"column-4\">Venue<\/th><th class=\"column-5\">Title<\/th><th class=\"column-6\">Description<\/th><\/tr><\/thead><tbody class=\"row-striping row-hover\"><tr class=\"row-2\"><td class=\"column-1\">6\/17\/2022<\/td><td class=\"column-2\">6\/29\/2022<\/td><td class=\"column-3\">Field campaign<\/td><td class=\"column-4\">Krafla, Iceland<\/td><td class=\"column-5\">Gravity Survey <\/td><td class=\"column-6\">Dynamic and Static Gravity measurements in combination with GPS.<\/td><\/tr><tr class=\"row-3\"><td class=\"column-1\">10\/1\/2023<\/td><td class=\"column-2\">11\/1\/2023<\/td><td class=\"column-3\">Secondment<\/td><td class=\"column-4\">Dublin Institute for Advanced Studies (DIAS)<\/td><td class=\"column-5\">Secondment at DIAS<\/td><td class=\"column-6\">Comparison of the static gravity with reflexion seismic.<\/td><\/tr><tr class=\"row-4\"><td class=\"column-1\">01\/06\/2023<\/td><td class=\"column-2\">15\/06\/2023<\/td><td class=\"column-3\">Secondment<\/td><td class=\"column-4\">Reykjav\u00edk, Iceland<\/td><td class=\"column-5\">Compilation and reprocesing of legacy time-lapse microgravity and ground deformation datasets at Krafla Volcanic System<\/td><td class=\"column-6\">Compile and reprocess legacy time-lapse microgravity acquired in the Krafla Volcanic System since 1975 and tie it with the new acquired gravity surveys (2022, 2023)<\/td><\/tr><tr class=\"row-5\"><td class=\"column-1\">16\/06\/2023<\/td><td class=\"column-2\">01\/07\/2023<\/td><td class=\"column-3\">Field campain<\/td><td class=\"column-4\">Krafla, Iceland<\/td><td class=\"column-5\">Gravity and GNSS survey<\/td><td class=\"column-6\">Dynamic and Static Gravity measurements in combination with GPS measurements for the static gravity benchmarks<\/td><\/tr><tr class=\"row-6\"><td class=\"column-1\">2\/1\/2024<\/td><td class=\"column-2\">3\/7\/2024<\/td><td class=\"column-3\">Secondment<\/td><td class=\"column-4\">Secondment at Chambery and Grenoble<\/td><td class=\"column-5\">Secondment at l'Institut des Sciences de la Terre (ISTerre)<\/td><td class=\"column-6\">Combination of gravity with seismic tomography and joint inversion<\/td><\/tr><tr class=\"row-7\"><td class=\"column-1\">01\/04\/2024<\/td><td class=\"column-2\">14\/04\/2024<\/td><td class=\"column-3\">Secondment<\/td><td class=\"column-4\">LMU, Munich, Germany<\/td><td class=\"column-5\">Secondment on LMU, to understand the petrophysical properties of the Krafla Volcanic System and improve finite element models' parameters<\/td><td class=\"column-6\">\u2022 Training on petrophysical laboratory experiments of volcanic rocks from the Krafla volcanic system;<br \/>\u2022 Determination of parameters such as rock porosity and permeability for implementation in numerical models to explain temporal gravity changes observed at Krafla<\/td><\/tr><tr class=\"row-8\"><td class=\"column-1\">01\/07\/2024<\/td><td class=\"column-2\">15\/07\/2024<\/td><td class=\"column-3\">Field campaign<\/td><td class=\"column-4\">Krafla, Iceland<\/td><td class=\"column-5\">Gravity Survey<\/td><td class=\"column-6\">Dynamic Gravity measurements<\/td><\/tr><\/tbody><\/table><\/div><\/div><\/div><\/div><\/div>\n","protected":false},"excerpt":{"rendered":"<p>Ana Martinez Garcia Nationality: SpanishInstitution: University of BristolCountry: United KingdomResearch Title: Shallow crustal density distribution and its evolution at the Krafla volcanic system PROJECT SUMMARY This project has two main objectives the modelization of the shallow subsurface density distribution and study the short and mid-term evolution of the Krafla sub-volcanic system. To achieve these objectives [&hellip;]<\/p>\n","protected":false},"author":1,"featured_media":0,"parent":4278,"menu_order":0,"comment_status":"closed","ping_status":"closed","template":"","meta":{"footnotes":""},"class_list":["post-5426","page","type-page","status-publish","hentry"],"jetpack_sharing_enabled":true,"_links":{"self":[{"href":"https:\/\/www.improve-etn.eu\/index.php\/wp-json\/wp\/v2\/pages\/5426","targetHints":{"allow":["GET"]}}],"collection":[{"href":"https:\/\/www.improve-etn.eu\/index.php\/wp-json\/wp\/v2\/pages"}],"about":[{"href":"https:\/\/www.improve-etn.eu\/index.php\/wp-json\/wp\/v2\/types\/page"}],"author":[{"embeddable":true,"href":"https:\/\/www.improve-etn.eu\/index.php\/wp-json\/wp\/v2\/users\/1"}],"replies":[{"embeddable":true,"href":"https:\/\/www.improve-etn.eu\/index.php\/wp-json\/wp\/v2\/comments?post=5426"}],"version-history":[{"count":5,"href":"https:\/\/www.improve-etn.eu\/index.php\/wp-json\/wp\/v2\/pages\/5426\/revisions"}],"predecessor-version":[{"id":6628,"href":"https:\/\/www.improve-etn.eu\/index.php\/wp-json\/wp\/v2\/pages\/5426\/revisions\/6628"}],"up":[{"embeddable":true,"href":"https:\/\/www.improve-etn.eu\/index.php\/wp-json\/wp\/v2\/pages\/4278"}],"wp:attachment":[{"href":"https:\/\/www.improve-etn.eu\/index.php\/wp-json\/wp\/v2\/media?parent=5426"}],"curies":[{"name":"wp","href":"https:\/\/api.w.org\/{rel}","templated":true}]}}