{"id":5276,"date":"2022-07-01T11:04:49","date_gmt":"2022-07-01T09:04:49","guid":{"rendered":"https:\/\/www.improve-etn.eu\/?page_id=5276"},"modified":"2024-03-15T15:11:25","modified_gmt":"2024-03-15T14:11:25","slug":"regina-maass","status":"publish","type":"page","link":"https:\/\/www.improve-etn.eu\/index.php\/researchers\/regina-maass\/","title":{"rendered":"Regina Maa\u00df"},"content":{"rendered":"\n<div class=\"wp-block-media-text alignwide is-stacked-on-mobile\" style=\"grid-template-columns:15% auto\"><figure class=\"wp-block-media-text__media\"><img loading=\"lazy\" decoding=\"async\" width=\"271\" height=\"271\" src=\"https:\/\/www.improve-etn.eu\/wp-content\/uploads\/2022\/07\/Maass.png\" alt=\"Regina Maass\" class=\"wp-image-5279 size-full\" srcset=\"https:\/\/www.improve-etn.eu\/wp-content\/uploads\/2022\/07\/Maass.png 271w, https:\/\/www.improve-etn.eu\/wp-content\/uploads\/2022\/07\/Maass-150x150.png 150w\" sizes=\"auto, (max-width: 271px) 100vw, 271px\" \/><\/figure><div class=\"wp-block-media-text__content\">\n<h3 class=\"wp-block-heading\">Regina Maa\u00df<\/h3>\n\n\n\n<p><strong>Nationality<\/strong>: German<br><strong>Institution<\/strong>: Dublin Institute for Advanced Studies (DIAS)<br><strong>Country<\/strong>: Ireland<br><strong>Research Title<\/strong>: Time lapse virtual &amp; earthquake source seismic imagery at Krafla<\/p>\n<\/div><\/div>\n\n\n\n<hr class=\"wp-block-separator has-text-color has-alpha-channel-opacity has-background\" style=\"background-color:#cecece;color:#cecece\"\/>\n\n\n\n<h4 class=\"wp-block-heading\">PROJECT SUMMARY<\/h4>\n\n\n\n<p>In 2008 and 2009, rhyolitic magma was unexpectedly found at Krafla in shallow depths of 2-3 km when drilling wells. Krafla is one of the best studied volcanic systems worldwide, but no geophysical survey had previously identified the magmatic bodies. Why? Imaging small magma bodies in the uppermost layers of the Earth is challenging due to the complexity of the seismic wavefield and the limitations of common geophysical methods. Our project aims at pushing these limits by applying and developing new (seismic) imaging techniques. Using a reflection seismic configuration, we expect to image the magmarock interface(s) beneath Krafla. This will be generally helpful to improve our understanding of magmatic systems and gain insights into complex geologic settings.<\/p>\n\n\n\n<h4 class=\"wp-block-heading\">Scientific Background<\/h4>\n\n\n\n<p>After completing my Bachelor\u2018s degree (BSc Geophysics) at University of M\u00fcnster in 2019, I continued with the Master\u2018s degree (MSc Geophysics) at University of Hamburg. Exploring the upper layers of the Earth with seismic waves fascinated me, which is why I decided to specialize in seismology. For my Master&#8217;s thesis, I used data recorded by a fiber optic cable in Reykjanes, Iceland, to measure changes of seismic velocities over time and relate them to magmatic processes in the Earth&#8217;s crust. I graduated in March 2022. Since June 2022, I am a PhD student at DIAS. As part of the IMPROVE project, I focus on seismic imaging in volcanic systems.<\/p>\n\n\n\n<h4 class=\"wp-block-heading\">Activity Record<\/h4>\n\n\n<style>#sp-ea-6450 .spcollapsing { height: 0; overflow: hidden; transition-property: height;transition-duration: 300ms;}#sp-ea-6450.sp-easy-accordion>.sp-ea-single {margin-bottom: 10px; border: 1px solid #5f95db; }#sp-ea-6450.sp-easy-accordion>.sp-ea-single>.ea-header a {color: #496ba8;}#sp-ea-6450.sp-easy-accordion>.sp-ea-single>.sp-collapse>.ea-body {background: #fff; color: #444;}#sp-ea-6450.sp-easy-accordion>.sp-ea-single {background: #eff4fc;}#sp-ea-6450.sp-easy-accordion>.sp-ea-single>.ea-header a .ea-expand-icon { float: right; color: #496ba8;font-size: 16px;}#sp-ea-6450.sp-easy-accordion>.sp-ea-single>.ea-header a .ea-expand-icon {margin-right: 0;}<\/style><div id=\"sp_easy_accordion-1710505825\"><div id=\"sp-ea-6450\" class=\"sp-ea-one sp-easy-accordion\" data-ea-active=\"ea-click\" data-ea-mode=\"vertical\" data-preloader=\"\" data-scroll-active-item=\"\" data-offset-to-scroll=\"0\"><div class=\"ea-card ea-expand sp-ea-single\"><h3 class=\"ea-header\"><a class=\"collapsed\" id=\"ea-header-64500\" role=\"button\" data-sptoggle=\"spcollapse\" data-sptarget=\"#collapse64500\" aria-controls=\"collapse64500\" href=\"#\" aria-expanded=\"true\" tabindex=\"0\"><i aria-hidden=\"true\" role=\"presentation\" class=\"ea-expand-icon eap-icon-ea-expand-minus\"><\/i> Publications<\/a><\/h3><div class=\"sp-collapse spcollapse collapsed show\" id=\"collapse64500\" data-parent=\"#sp-ea-6450\" role=\"region\" aria-labelledby=\"ea-header-64500\"> <div class=\"ea-body\"><table id=\"tablepress-64\" class=\"tablepress tablepress-id-64\"><thead><tr class=\"row-1\"><th class=\"column-1\">Year<\/th><th class=\"column-2\">Authors<\/th><th class=\"column-3\">Title<\/th><th class=\"column-4\">Journal<\/th><th class=\"column-5\">Volume<\/th><th class=\"column-6\">DOI<\/th><\/tr><\/thead><tbody class=\"row-striping row-hover\"><tr class=\"row-2\"><td class=\"column-1\">2025<\/td><td class=\"column-2\">Maa\u00df R., K.L. Li, C.J. Bean<\/td><td class=\"column-3\">Improving passive reflection seismic imaging in complex geological settings through site effect reduction: application to Krafla volcano, Iceland<\/td><td class=\"column-4\">Geophysical Journal International<\/td><td class=\"column-5\"><\/td><td class=\"column-6\"><a href=\"https:\/\/doi.org\/10.1093\/gji\/ggaf072\" target=\"_blank\">https:\/\/doi.org\/10.1093\/gji\/ggaf072<\/a><\/td><\/tr><tr class=\"row-3\"><td class=\"column-1\">2024<\/td><td class=\"column-2\">Maa\u00df R.., Schippkus, S., Hadziioannou, C., Schwarz, B., Jousset, P., &amp; Krawczyk, C.<\/td><td class=\"column-3\">Stacking of Distributed Dynamic Strain Reveals Link Between Seismic Velocity Changes and the 2020 Unrest in Reykjanes<\/td><td class=\"column-4\">Journal of Geophysical Research: Solid Earth<\/td><td class=\"column-5\">129(6), e2023JB028320<\/td><td class=\"column-6\"><a href=\"https:\/\/doi.org\/10.1029\/2023JB028320\" rel=\"noopener\" target=\"_blank\">https:\/\/doi.org\/10.1029\/2023JB028320<\/a><\/td><\/tr><tr class=\"row-4\"><td class=\"column-1\">2024<\/td><td class=\"column-2\">Jonathan Wolf, Ed Ganero, Benjamin Schwarz, Yantao Luo, Regina Maass, John D West<\/td><td class=\"column-3\">Detection of lowermost mantle heterogeneity using seismic migration of diffracted S-waves<\/td><td class=\"column-4\">ESS Open Archive<\/td><td class=\"column-5\"><\/td><td class=\"column-6\"><a href=\"https:\/\/doi.org\/10.22541\/essoar.172222584.42043432\/v1\" target=\"_blank\">https:\/\/doi.org\/10.22541\/essoar.172222584.42043432\/v1<\/a><\/td><\/tr><tr class=\"row-5\"><td class=\"column-1\">2025<\/td><td class=\"column-2\">Jonathan Wolf, Edward Garnero, Benjamin Schwarz, Kuangdai Leng, Yantao Luo, Regina Maass, John D West<\/td><td class=\"column-3\">Detection of lowermost mantle heterogeneity using seismic migration of diffracted S\u2010waves<\/td><td class=\"column-4\">Journal of Geophysical Research: Solid Earth<\/td><td class=\"column-5\">130(6)<\/td><td class=\"column-6\"><a href=\"https:\/\/doi.org\/10.1029\/2025JB031367\" target=\"_blank\">https:\/\/doi.org\/10.1029\/2025JB031367<\/a><\/td><\/tr><\/tbody><\/table><\/div><\/div><\/div><div class=\"ea-card sp-ea-single\"><h3 class=\"ea-header\"><a class=\"collapsed\" id=\"ea-header-64501\" role=\"button\" data-sptoggle=\"spcollapse\" data-sptarget=\"#collapse64501\" aria-controls=\"collapse64501\" href=\"#\" aria-expanded=\"false\" tabindex=\"0\"><i aria-hidden=\"true\" role=\"presentation\" class=\"ea-expand-icon eap-icon-ea-expand-plus\"><\/i> Conference - Workshop - Meeting<\/a><\/h3><div class=\"sp-collapse spcollapse \" id=\"collapse64501\" data-parent=\"#sp-ea-6450\" role=\"region\" aria-labelledby=\"ea-header-64501\"> <div class=\"ea-body\"><table id=\"tablepress-65\" class=\"tablepress tablepress-id-65\"><thead><tr class=\"row-1\"><th class=\"column-1\">Year<\/th><th class=\"column-2\">Authors<\/th><th class=\"column-3\">Title<\/th><th class=\"column-4\">Congress<\/th><th class=\"column-5\">Type<\/th><th class=\"column-6\">DOI<\/th><\/tr><\/thead><tbody class=\"row-striping row-hover\"><tr class=\"row-2\"><td class=\"column-1\">2021<\/td><td class=\"column-2\">Regina Maa\u00df, Sven Schippkus, C\u00e9line Hadziioannou, Benjamin Schwarz, Charlotte Krawczyk, Philippe Jousset<\/td><td class=\"column-3\">Monitoring velocity changes in Iceland with fibre-optic distributed acoustic sensing<\/td><td class=\"column-4\">AGU<\/td><td class=\"column-5\">Presentation<\/td><td class=\"column-6\"><\/td><\/tr><tr class=\"row-3\"><td class=\"column-1\">2022<\/td><td class=\"column-2\">Regina Maass, Christopher J. Bean, Ka Lok Li<\/td><td class=\"column-3\">Seismic imaging of shallow magma bodies in complex volcanic settings: example from Krafla, Iceland.<\/td><td class=\"column-4\">AGU<\/td><td class=\"column-5\">Presentation<\/td><td class=\"column-6\"><\/td><\/tr><tr class=\"row-4\"><td class=\"column-1\">2022<\/td><td class=\"column-2\">Regina Maa\u00df, Sven Schippkus, C\u00e9line Hadziioannou, Benjamin Schwarz, Charlotte Krawczyk, Philippe Jousset<\/td><td class=\"column-3\">Overcoming limitations of seismic monitoring using fibre-optic distributed<\/td><td class=\"column-4\">EGU<\/td><td class=\"column-5\">Presentation<\/td><td class=\"column-6\"><a href=\"https:\/\/doi.org\/10.5194\/egusphere-egu22-1131\" rel=\"noopener\" target=\"_blank\">https:\/\/doi.org\/10.5194\/egusphere-egu22-1131<\/a><\/td><\/tr><tr class=\"row-5\"><td class=\"column-1\">2023<\/td><td class=\"column-2\">Regina Maass, Christopher J. Bean, Ka Lok Li<\/td><td class=\"column-3\">Seismic imaging of shallow magma bodies at Krafla, Iceland.<\/td><td class=\"column-4\">EGU<\/td><td class=\"column-5\">Presentation<\/td><td class=\"column-6\"><a href=\"https:\/\/doi.org\/10.5194\/egusphere-egu23-9612\" rel=\"noopener\" target=\"_blank\">https:\/\/doi.org\/10.5194\/egusphere-egu23-9612<\/a><\/td><\/tr><tr class=\"row-6\"><td class=\"column-1\">2024<\/td><td class=\"column-2\">Regina Maass, Christopher J. Bean, Ka Lok Li<\/td><td class=\"column-3\">Reflection imaging at Krafla volcano using local earthquakes: challenges and possible solutions.<\/td><td class=\"column-4\">KMT (Krafla Magma Testbed) Workshop <\/td><td class=\"column-5\">Presentation<\/td><td class=\"column-6\"><\/td><\/tr><tr class=\"row-7\"><td class=\"column-1\">2024<\/td><td class=\"column-2\">Regina Maass, Christopher J Bean, Ka Lok Li<\/td><td class=\"column-3\">Near-surface effects in seismic wavefields at Krafla volcano (NE Iceland): characterization and mitigation<\/td><td class=\"column-4\">EGU<\/td><td class=\"column-5\">Poster<\/td><td class=\"column-6\"><a href=\"https:\/\/doi.org\/10.5194\/egusphere-egu24-11079\" rel=\"noopener\" target=\"_blank\">https:\/\/doi.org\/10.5194\/egusphere-egu24-11079<\/a><\/td><\/tr><tr class=\"row-8\"><td class=\"column-1\">2024<\/td><td class=\"column-2\">Philippe Jousset, Gylfi Hersir, Gilda Currenti, Christopher Wollin, Sergio D\u00edaz-Meza, Martina Allegra, Regina Maass, Michele Prestifilippo, Egill Gudnason, Rosalba Napoli, Charlotte Krawczyk<\/td><td class=\"column-3\">Long-term monitoring of seismic and volcanic activity using distributed fibre optic sensing: examples in Iceland (2015-2024) and Italy (2018-2024)<\/td><td class=\"column-4\">EGU<\/td><td class=\"column-5\">Poster<\/td><td class=\"column-6\"><a href=\"https:\/\/doi.org\/10.5194\/egusphere-egu24-13091\" rel=\"noopener\" target=\"_blank\">https:\/\/doi.org\/10.5194\/egusphere-egu24-13091<\/a><\/td><\/tr><tr class=\"row-9\"><td class=\"column-1\">2024<\/td><td class=\"column-2\">Regina Maass, Sven Schippkus, C\u00e9line Hadziioannou, Benjamin Schwarz, Philippe Jousset, Charlotte Krawczyk<\/td><td class=\"column-3\">Link between seismic velocity changes and the 2020 unrest in Reykjanes revealed by wavelength-dependent spatial stacking of distributed dynamic strain<\/td><td class=\"column-4\">Fibre Optic Sensing in Geosciences<\/td><td class=\"column-5\">Poster<\/td><td class=\"column-6\"><a href=\"https:\/\/doi.org\/10.5194\/egusphere-gc12-fibreoptic-70\" rel=\"noopener\" target=\"_blank\">https:\/\/doi.org\/10.5194\/egusphere-gc12-fibreoptic-70<\/a><\/td><\/tr><tr class=\"row-10\"><td class=\"column-1\">2024<\/td><td class=\"column-2\">Regina Maass, Christopher J Bean, Ka Lok Li<\/td><td class=\"column-3\">Reflection imaging of small-scale geological structures in highly scattering media: example from Krafla, Iceland<\/td><td class=\"column-4\">ESC<\/td><td class=\"column-5\">Presentation<\/td><td class=\"column-6\"><\/td><\/tr><tr class=\"row-11\"><td class=\"column-1\">2024<\/td><td class=\"column-2\">Jonathan Wolf, Ed Ganero, Benjamin Schwarz, Yantao Luo, Regina Maass, John D West<\/td><td class=\"column-3\">Lowermost mantle heterogeneity detected using seismic migration of diffracted S-waves<\/td><td class=\"column-4\">AGU<\/td><td class=\"column-5\">Poster<\/td><td class=\"column-6\"><\/td><\/tr><tr class=\"row-12\"><td class=\"column-1\">2025<\/td><td class=\"column-2\">Maass, Regina; Li, Ka Lok; Bean, Christopher J.; Schwarz, Benjamin; Lokmer, Ivan<\/td><td class=\"column-3\">Adapting Controlled-Source Seismic Techniques for Earthquake Reflection Imaging in Complex Environments: Insights from Krafla Volcano, NE Iceland<\/td><td class=\"column-4\">EGU 2025<\/td><td class=\"column-5\">Poster<\/td><td class=\"column-6\"><a href=\"https:\/\/doi.org\/10.5194\/egusphere-egu25-13493\" target=\"_blank\">https:\/\/doi.org\/10.5194\/egusphere-egu25-13493<\/a><\/td><\/tr><tr class=\"row-13\"><td class=\"column-1\">2025<\/td><td class=\"column-2\">Philippe Jousset; Egill \u00c1. Gudnason; Gilda Currenti; Christopher Wollin; Lise Holstein; Regina Maa\u00df; Sergio Diaz-Meza; Gylfi P. Hersir; Da\u00f0i Sigur\u00f0arson; Charlotte Krawczyk <\/td><td class=\"column-3\">Sources of Ultra-Slow Dynamic and Static Deformation of dyke eruptive events revealed by telecom fibre optic cable sensing on western Reykjanes Peninsula, SW Iceland<\/td><td class=\"column-4\">EGU<\/td><td class=\"column-5\">Poster<\/td><td class=\"column-6\"><a href=\"https:\/\/doi.org\/10.5194\/egusphere-egu25-5200\" target=\"_blank\">https:\/\/doi.org\/10.5194\/egusphere-egu25-5200<\/a><\/td><\/tr><\/tbody><\/table><\/div><\/div><\/div><div class=\"ea-card sp-ea-single\"><h3 class=\"ea-header\"><a class=\"collapsed\" id=\"ea-header-64502\" role=\"button\" data-sptoggle=\"spcollapse\" data-sptarget=\"#collapse64502\" aria-controls=\"collapse64502\" href=\"#\" aria-expanded=\"false\" tabindex=\"0\"><i aria-hidden=\"true\" role=\"presentation\" class=\"ea-expand-icon eap-icon-ea-expand-plus\"><\/i> Training Events Attended<\/a><\/h3><div class=\"sp-collapse spcollapse \" id=\"collapse64502\" data-parent=\"#sp-ea-6450\" role=\"region\" aria-labelledby=\"ea-header-64502\"> <div class=\"ea-body\"><table id=\"tablepress-66\" class=\"tablepress tablepress-id-66\"><thead><tr class=\"row-1\"><th class=\"column-1\">Data (from)<\/th><th class=\"column-2\">Data (to)<\/th><th class=\"column-3\">Type<\/th><th class=\"column-4\">Title<\/th><th class=\"column-5\">Venue<\/th><\/tr><\/thead><tbody class=\"row-striping row-hover\"><tr class=\"row-2\"><td class=\"column-1\">6\/11\/0022<\/td><td class=\"column-2\">6\/16\/0022<\/td><td class=\"column-3\">School<\/td><td class=\"column-4\">Geothermal and Magmatic Systems<\/td><td class=\"column-5\">Laugar, Iceland<\/td><\/tr><tr class=\"row-3\"><td class=\"column-1\">6\/17\/0022<\/td><td class=\"column-2\">7\/3\/0022<\/td><td class=\"column-3\">Multiparametric Experiment<\/td><td class=\"column-4\">Krafla multiparametric experiment<\/td><td class=\"column-5\">Krafla, Iceland<\/td><\/tr><tr class=\"row-4\"><td class=\"column-1\">1\/21\/0023<\/td><td class=\"column-2\">1\/23\/0023<\/td><td class=\"column-3\">Specialized Short Course<\/td><td class=\"column-4\">Seismology and Imaging<\/td><td class=\"column-5\">ISTerre, Grenoble, France<\/td><\/tr><tr class=\"row-5\"><td class=\"column-1\">5\/14\/0023<\/td><td class=\"column-2\">5\/20\/0023<\/td><td class=\"column-3\">School<\/td><td class=\"column-4\">Geophysical data inversion and numerical forward modelling<\/td><td class=\"column-5\">Carlingford, Ireland<\/td><\/tr><tr class=\"row-6\"><td class=\"column-1\">7\/24\/0023<\/td><td class=\"column-2\">7\/28\/0023<\/td><td class=\"column-3\">School<\/td><td class=\"column-4\">Multiparametric Volcano Monitoring: Data Processing, Analysis and Modelling<\/td><td class=\"column-5\">Nicolosi (Mount Etna), Italy<\/td><\/tr><tr class=\"row-7\"><td class=\"column-1\">7\/23\/0023<\/td><td class=\"column-2\">8\/2\/0023<\/td><td class=\"column-3\">Multiparametric Experiment<\/td><td class=\"column-4\">Etna multiparametric experiment<\/td><td class=\"column-5\">Mt. Etna, Sicily, Italy<\/td><\/tr><tr class=\"row-8\"><td class=\"column-1\">3\/3\/0024<\/td><td class=\"column-2\">3\/8\/0024<\/td><td class=\"column-3\">School<\/td><td class=\"column-4\">Skience winter school - volcano seismology<\/td><td class=\"column-5\">Bayrischzell, Germany<\/td><\/tr><\/tbody><\/table><\/div><\/div><\/div><div class=\"ea-card sp-ea-single\"><h3 class=\"ea-header\"><a class=\"collapsed\" id=\"ea-header-64503\" role=\"button\" data-sptoggle=\"spcollapse\" data-sptarget=\"#collapse64503\" aria-controls=\"collapse64503\" href=\"#\" aria-expanded=\"false\" tabindex=\"0\"><i aria-hidden=\"true\" role=\"presentation\" class=\"ea-expand-icon eap-icon-ea-expand-plus\"><\/i> Other Activities<\/a><\/h3><div class=\"sp-collapse spcollapse \" id=\"collapse64503\" data-parent=\"#sp-ea-6450\" role=\"region\" aria-labelledby=\"ea-header-64503\"> <div class=\"ea-body\"><table id=\"tablepress-67\" class=\"tablepress tablepress-id-67\"><thead><tr class=\"row-1\"><th class=\"column-1\">Data (from)<\/th><th class=\"column-2\">Data (to)<\/th><th class=\"column-3\">Type<\/th><th class=\"column-4\">Venue<\/th><th class=\"column-5\">Title<\/th><th class=\"column-6\">Description<\/th><\/tr><\/thead><tbody class=\"row-striping row-hover\"><tr class=\"row-2\"><td class=\"column-1\">7\/3\/0022<\/td><td class=\"column-2\">7\/30\/0022<\/td><td class=\"column-3\">Field work<\/td><td class=\"column-4\">Krafla, Iceland<\/td><td class=\"column-5\">Krafla field campaign<\/td><td class=\"column-6\">Deployment, maintenance and retrieval of 104 short-period nodes (5Hz), 10 short-period seismomters (1Hz) and 1 borehole seismometer.<\/td><\/tr><tr class=\"row-3\"><td class=\"column-1\">8\/24\/0022<\/td><td class=\"column-2\">8\/3\/0022<\/td><td class=\"column-3\">Field work<\/td><td class=\"column-4\">Mt. Etna, Italy<\/td><td class=\"column-5\">Mt. Etna field campaign<\/td><td class=\"column-6\">Deployment and retrieval of 104 seismic nodes (short-period 5 Hz)<\/td><\/tr><\/tbody><\/table><\/div><\/div><\/div><\/div><\/div>\n","protected":false},"excerpt":{"rendered":"<p>Regina Maa\u00df Nationality: GermanInstitution: Dublin Institute for Advanced Studies (DIAS)Country: IrelandResearch Title: Time lapse virtual &amp; earthquake source seismic imagery at Krafla PROJECT SUMMARY In 2008 and 2009, rhyolitic magma was unexpectedly found at Krafla in shallow depths of 2-3 km when drilling wells. Krafla is one of the best studied volcanic systems worldwide, but [&hellip;]<\/p>\n","protected":false},"author":1,"featured_media":0,"parent":4278,"menu_order":0,"comment_status":"closed","ping_status":"closed","template":"","meta":{"footnotes":""},"class_list":["post-5276","page","type-page","status-publish","hentry"],"jetpack_sharing_enabled":true,"_links":{"self":[{"href":"https:\/\/www.improve-etn.eu\/index.php\/wp-json\/wp\/v2\/pages\/5276","targetHints":{"allow":["GET"]}}],"collection":[{"href":"https:\/\/www.improve-etn.eu\/index.php\/wp-json\/wp\/v2\/pages"}],"about":[{"href":"https:\/\/www.improve-etn.eu\/index.php\/wp-json\/wp\/v2\/types\/page"}],"author":[{"embeddable":true,"href":"https:\/\/www.improve-etn.eu\/index.php\/wp-json\/wp\/v2\/users\/1"}],"replies":[{"embeddable":true,"href":"https:\/\/www.improve-etn.eu\/index.php\/wp-json\/wp\/v2\/comments?post=5276"}],"version-history":[{"count":8,"href":"https:\/\/www.improve-etn.eu\/index.php\/wp-json\/wp\/v2\/pages\/5276\/revisions"}],"predecessor-version":[{"id":6476,"href":"https:\/\/www.improve-etn.eu\/index.php\/wp-json\/wp\/v2\/pages\/5276\/revisions\/6476"}],"up":[{"embeddable":true,"href":"https:\/\/www.improve-etn.eu\/index.php\/wp-json\/wp\/v2\/pages\/4278"}],"wp:attachment":[{"href":"https:\/\/www.improve-etn.eu\/index.php\/wp-json\/wp\/v2\/media?parent=5276"}],"curies":[{"name":"wp","href":"https:\/\/api.w.org\/{rel}","templated":true}]}}