{"id":5260,"date":"2022-06-10T11:21:05","date_gmt":"2022-06-10T09:21:05","guid":{"rendered":"https:\/\/www.improve-etn.eu\/?page_id=5260"},"modified":"2024-10-02T17:17:56","modified_gmt":"2024-10-02T15:17:56","slug":"joe-carthy","status":"publish","type":"page","link":"https:\/\/www.improve-etn.eu\/index.php\/researchers\/joe-carthy\/","title":{"rendered":"Joe Carthy"},"content":{"rendered":"\n<div class=\"wp-block-media-text alignwide is-stacked-on-mobile\" style=\"grid-template-columns:15% auto\"><figure class=\"wp-block-media-text__media\"><img loading=\"lazy\" decoding=\"async\" width=\"271\" height=\"271\" src=\"https:\/\/www.improve-etn.eu\/wp-content\/uploads\/2022\/06\/JoeCarthy.png\" alt=\"Joe Carthy\" class=\"wp-image-5261 size-full\" srcset=\"https:\/\/www.improve-etn.eu\/wp-content\/uploads\/2022\/06\/JoeCarthy.png 271w, https:\/\/www.improve-etn.eu\/wp-content\/uploads\/2022\/06\/JoeCarthy-150x150.png 150w\" sizes=\"auto, (max-width: 271px) 100vw, 271px\" \/><\/figure><div class=\"wp-block-media-text__content\">\n<h3 class=\"wp-block-heading\">Joe Carthy<\/h3>\n\n\n\n<p><strong>Nationality<\/strong>: Irish<br><strong>Institution<\/strong>: Universidad de Granada<br><strong>Country<\/strong>: Spain<br><strong>Research Title<\/strong>: Automatic Detection and Classification of Relevant Events from Ground Displacement Monitoring Devices<\/p>\n<\/div><\/div>\n\n\n\n<h4 class=\"wp-block-heading\">PROJECT SUMMARY<\/h4>\n\n\n\n<p>The objective of this project is to develop an automatic real time system to analyse the data acquired by different types of sensors. This will involve mining ground displacement data from multiple sensors over broad frequency ranges to identify meaningful signals. Assessments of the overlapping regions between different complementary sensors will take place and there will be an assessment on the possibility to continuously cover certain frequency ranges through the use of broad-band sensors and GPS receivers in cooperation with other ESRs.<br>This project will require the application of machine learning and signal processing techniques in order to successfully identify trends in the volcanic signal data, and to find overlapping regions between complementary sensors.<\/p>\n\n\n\n<h4 class=\"wp-block-heading\">Scientific Background<\/h4>\n\n\n\n<p>I graduated from University College Dublin with a Masters in Electronic and Computer Engineering in 2021. My Masters thesis was in the area of quantum computing and involved analysing the Variational Quantum Eigensolver algorithm in order to understand the important aspects that allow for it to perform successfully.<br>As a student and graduate I gained experience through internships with different institutions in the areas of adiabatic computing (University of Notre Dame), hardware acceleration and digital design (Intel Movidius), quantum computing and machine learning (Equals1 Labs).<br>I am now excited to start work in the area of volcanology and to apply the skills that I have developed so far and to learn new skills as I undertake this project!<\/p>\n\n\n\n<h4 class=\"wp-block-heading\">Activity Record<\/h4>\n\n\n<style>#sp-ea-6755 .spcollapsing { height: 0; overflow: hidden; transition-property: height;transition-duration: 300ms;}#sp-ea-6755.sp-easy-accordion>.sp-ea-single {margin-bottom: 10px; border: 1px solid #5f95db; }#sp-ea-6755.sp-easy-accordion>.sp-ea-single>.ea-header a {color: #496ba8;}#sp-ea-6755.sp-easy-accordion>.sp-ea-single>.sp-collapse>.ea-body {background: #fff; color: #444;}#sp-ea-6755.sp-easy-accordion>.sp-ea-single {background: #eff4fc;}#sp-ea-6755.sp-easy-accordion>.sp-ea-single>.ea-header a .ea-expand-icon { float: right; color: #496ba8;font-size: 16px;}#sp-ea-6755.sp-easy-accordion>.sp-ea-single>.ea-header a .ea-expand-icon {margin-right: 0;}<\/style><div id=\"sp_easy_accordion-1727881913\"><div id=\"sp-ea-6755\" class=\"sp-ea-one sp-easy-accordion\" data-ea-active=\"ea-click\" data-ea-mode=\"vertical\" data-preloader=\"\" data-scroll-active-item=\"\" data-offset-to-scroll=\"0\"><div class=\"ea-card ea-expand sp-ea-single\"><h3 class=\"ea-header\"><a class=\"collapsed\" id=\"ea-header-67550\" role=\"button\" data-sptoggle=\"spcollapse\" data-sptarget=\"#collapse67550\" aria-controls=\"collapse67550\" href=\"#\" aria-expanded=\"true\" tabindex=\"0\"><i aria-hidden=\"true\" role=\"presentation\" class=\"ea-expand-icon eap-icon-ea-expand-minus\"><\/i> Publications<\/a><\/h3><div class=\"sp-collapse spcollapse collapsed show\" id=\"collapse67550\" data-parent=\"#sp-ea-6755\" role=\"region\" aria-labelledby=\"ea-header-67550\"> <div class=\"ea-body\"><table id=\"tablepress-102\" class=\"tablepress tablepress-id-102\"><thead><tr class=\"row-1\"><th class=\"column-1\">Year<\/th><th class=\"column-2\">Author<\/th><th class=\"column-3\">Title<\/th><th class=\"column-4\">Journal<\/th><th class=\"column-5\">Volume<\/th><th class=\"column-6\">DOI<\/th><\/tr><\/thead><tbody class=\"row-striping row-hover\"><tr class=\"row-2\"><td class=\"column-1\">2023<\/td><td class=\"column-2\">Joe Carth<\/td><td class=\"column-3\">CLASSIFICATION &amp; CLUSTERING OF VOLCANO-SEISMIC EVENTS USING SUPERVISED AND UNSUPERVISED METHODS<\/td><td class=\"column-4\">IEEE International Geoscience and Remote Sensing Symposium, Proceedings<\/td><td class=\"column-5\">2382-2385<\/td><td class=\"column-6\">10.1109\/IGARSS52108.2023.10281683<\/td><\/tr><tr class=\"row-3\"><td class=\"column-1\">2023<\/td><td class=\"column-2\">Carthy, J. Titos, M. Clemente, C.M. Benitez, C.<\/td><td class=\"column-3\">CLASSIFICATION &amp; CLUSTERING OF VOLCANO-SEISMIC EVENTS USING SUPERVISED AND UNSUPERVISED METHODS<\/td><td class=\"column-4\">IGARSS 2023 - 2023 IEEE International Geoscience and Remote Sensing Symposium, Proceedings<\/td><td class=\"column-5\">Volume: 2023-July; Pages: 7245-7248 <\/td><td class=\"column-6\">10.1109\/IGARSS52108.2023.10281683<\/td><\/tr><tr class=\"row-4\"><td class=\"column-1\">2023<\/td><td class=\"column-2\">Carlos Mart\u00ednez, Luz Garc\u00eda, Manuel Titos, Joe Carthy, Jos\u00e9 Camacho, Sonia Mota, Carmen Ben\u00edtez<\/td><td class=\"column-3\">Generating a Mobility-Pattern Database for Urban Traffic Monitoring Using Distributed Acoustic Sensing<\/td><td class=\"column-4\">IGARSS 2023 - 2023 IEEE International Geoscience and Remote Sensing Symposium<\/td><td class=\"column-5\">July 2023<\/td><td class=\"column-6\">10.1109\/IGARSS52108.2023.10282653<\/td><\/tr><tr class=\"row-5\"><td class=\"column-1\">2024<\/td><td class=\"column-2\">Manuel Titos; Joe Carthy; Luz Garc\u00eda; Talfan Barnie; Carmen Ben\u00edtez<\/td><td class=\"column-3\">Dilated-RNNs: A Deep Approach for Continuous Volcano-Seismic Events Recognition<\/td><td class=\"column-4\">IEEE Journal of Selected Topics in Applied Earth Observations and Remote Sensing<\/td><td class=\"column-5\">Volume 17; Pages 11857 - 11865<\/td><td class=\"column-6\">10.1109\/JSTARS.2024.3421921<\/td><\/tr><tr class=\"row-6\"><td class=\"column-1\">2024<\/td><td class=\"column-2\">Pablo Rey-Devesa; Joe Carthy; Manuel Titos; Janire Prudencio; Jes\u00fas M. Iba\u00f1ez; Carmen Ben\u00edtez<\/td><td class=\"column-3\">Universal machine learning approach to volcanic eruption forecasting using seismic features<\/td><td class=\"column-4\">Frontiers in Earth Science<\/td><td class=\"column-5\">Volume 12 - 2024<\/td><td class=\"column-6\"><a href=\"https:\/\/doi.org\/10.3389\/feart.2024.1342468\">https:\/\/doi.org\/10.3389\/feart.2024.1342468<\/a><\/td><\/tr><\/tbody><\/table><\/div><\/div><\/div><div class=\"ea-card sp-ea-single\"><h3 class=\"ea-header\"><a class=\"collapsed\" id=\"ea-header-67551\" role=\"button\" data-sptoggle=\"spcollapse\" data-sptarget=\"#collapse67551\" aria-controls=\"collapse67551\" href=\"#\" aria-expanded=\"false\" tabindex=\"0\"><i aria-hidden=\"true\" role=\"presentation\" class=\"ea-expand-icon eap-icon-ea-expand-plus\"><\/i> Conference - Workshop - Meeting<\/a><\/h3><div class=\"sp-collapse spcollapse \" id=\"collapse67551\" data-parent=\"#sp-ea-6755\" role=\"region\" aria-labelledby=\"ea-header-67551\"> <div class=\"ea-body\"><table id=\"tablepress-103\" class=\"tablepress tablepress-id-103\"><thead><tr class=\"row-1\"><th class=\"column-1\">Year<\/th><th class=\"column-2\">Author<\/th><th class=\"column-3\">Title<\/th><th class=\"column-4\">Congress<\/th><th class=\"column-5\">Type<\/th><th class=\"column-6\">DOI<\/th><\/tr><\/thead><tbody class=\"row-striping row-hover\"><tr class=\"row-2\"><td class=\"column-1\">2023<\/td><td class=\"column-2\">Joe Carthy, Manuel Titos, Carlos Mart\u00ednez Clemente, M. Carmen Ben\u00edtez<\/td><td class=\"column-3\">CLASSIFICATION &amp; CLUSTERING OF VOLCANO-SEISMIC EVENTS USING SUPERVISED AND UNSUPERVISED METHODS<\/td><td class=\"column-4\">International Geoscience and Remote Sensing Symposium<\/td><td class=\"column-5\">Poster<\/td><td class=\"column-6\"><a href=\"https:\/\/2023.ieeeigarss.org\/view_paper.php?PaperNum=2176\">https:\/\/2023.ieeeigarss.org\/view_paper.php?PaperNum=2176<\/a><\/td><\/tr><tr class=\"row-3\"><td class=\"column-1\">2023<\/td><td class=\"column-2\">Carlos Mart\u00ednez, Luz Garc\u00eda, Manuel Titos, Joe Carthy, Jos\u00e9 Camacho, Sonia Mota, Carmen Ben\u00edtez<\/td><td class=\"column-3\">GENERATING A MOBILITY-PATTERN DATABASE FOR URBAN TRAFFIC MONITORING USING DISTRIBUTED ACOUSTIC SENSING<\/td><td class=\"column-4\">International Geoscience and Remote Sensing Symposium<\/td><td class=\"column-5\">Presentation<\/td><td class=\"column-6\"><a href=\"https:\/\/2023.ieeeigarss.org\/view_paper.php?PaperNum=3379\">https:\/\/2023.ieeeigarss.org\/view_paper.php?PaperNum=3379<\/a><\/td><\/tr><tr class=\"row-4\"><td class=\"column-1\">2023<\/td><td class=\"column-2\">Joe Carthy, Alejandra V\u00e1squez Castillo, Manuel Titos, Luciano Zuccarello, Flavio Cannav\u00f2, and M. Carmen Benitez<\/td><td class=\"column-3\">Integration of Seismic and Quasi-Static Signals for Improved Volcanic Monitoring<\/td><td class=\"column-4\">EGU General Assembly<\/td><td class=\"column-5\">Presentation<\/td><td class=\"column-6\"><a href=\"https:\/\/meetingorganizer.copernicus.org\/EGU23\/EGU23-8795.html\">https:\/\/meetingorganizer.copernicus.org\/EGU23\/EGU23-8795.html<\/a><\/td><\/tr><tr class=\"row-5\"><td class=\"column-1\">2024<\/td><td class=\"column-2\">Joe Carthy , Pablo Rey-Devesa, Manuel Titos, Carmen Ben\u00edtez<\/td><td class=\"column-3\">Transferring Machine Learning Models to New Systems via Incremental Learning<\/td><td class=\"column-4\">Cities on Volcanos 12<\/td><td class=\"column-5\">Poster<\/td><td class=\"column-6\"><\/td><\/tr><tr class=\"row-6\"><td class=\"column-1\">2023<\/td><td class=\"column-2\">Joe Carthy, Manuel Titos, Carlos Mart\u00b4\u0131nez Clemente, M. Carmen Ben\u00b4\u0131tez<\/td><td class=\"column-3\">CLASSIFICATION OF ISOLATED VOLCANO-SEISMIC EVENTS USING NOVEL CLASS<br \/>TYPES AND XGBOOST<\/td><td class=\"column-4\">International Geoscience and Remote Sensing Symposium (IGARSS 2023))<\/td><td class=\"column-5\">Poster<\/td><td class=\"column-6\"><a href=\"https:\/\/2023.ieeeigarss.org\/view_paper.php?PaperNum=2176\">https:\/\/2023.ieeeigarss.org\/view_paper.php?PaperNum=2176<\/a><\/td><\/tr><tr class=\"row-7\"><td class=\"column-1\">2023<\/td><td class=\"column-2\">Carlos Mart\u00ednez, Luz Garc\u00eda, Manuel Titos, Joe Carthy, Jos\u00e9 Camacho, Sonia Mota, Carmen Ben\u00edtez<\/td><td class=\"column-3\">GENERATING A MOBILITY-PATTERN DATABASE FOR URBAN TRAFFIC MONITORING USING DISTRIBUTED ACOUSTIC SENSING<\/td><td class=\"column-4\">International Geoscience and Remote Sensing Symposium 2023<\/td><td class=\"column-5\">Presentation<\/td><td class=\"column-6\"><a href=\"https:\/\/2023.ieeeigarss.org\/view_paper.php?PaperNum=3379\">https:\/\/2023.ieeeigarss.org\/view_paper.php?PaperNum=3379<\/a><\/td><\/tr><tr class=\"row-8\"><td class=\"column-1\">2023<\/td><td class=\"column-2\">Carthy, Joe ; V\u00e1squez Castillo, Alejandra ; Titos, Manuel ; Zuccarello, Luciano ; Cannav\u00f2, Flavio ; Benitez, M. Carmen<\/td><td class=\"column-3\">Integration of Seismic and Quasi-Static Signals for Improved Volcanic Monitoring<\/td><td class=\"column-4\">European Geosciences Union General Assembly (EGU) 2023<\/td><td class=\"column-5\">Presentation<\/td><td class=\"column-6\">10.5194\/egusphere-egu23-8795<\/td><\/tr><\/tbody><\/table><\/div><\/div><\/div><div class=\"ea-card sp-ea-single\"><h3 class=\"ea-header\"><a class=\"collapsed\" id=\"ea-header-67552\" role=\"button\" data-sptoggle=\"spcollapse\" data-sptarget=\"#collapse67552\" aria-controls=\"collapse67552\" href=\"#\" aria-expanded=\"false\" tabindex=\"0\"><i aria-hidden=\"true\" role=\"presentation\" class=\"ea-expand-icon eap-icon-ea-expand-plus\"><\/i> Training Events Attended<\/a><\/h3><div class=\"sp-collapse spcollapse \" id=\"collapse67552\" data-parent=\"#sp-ea-6755\" role=\"region\" aria-labelledby=\"ea-header-67552\"> <div class=\"ea-body\"><table id=\"tablepress-104\" class=\"tablepress tablepress-id-104\"><thead><tr class=\"row-1\"><th class=\"column-1\">Data (from)<\/th><th class=\"column-2\">Data (to)<\/th><th class=\"column-3\">Type<\/th><th class=\"column-4\">Title<\/th><th class=\"column-5\">Venue<\/th><\/tr><\/thead><tbody class=\"row-striping row-hover\"><tr class=\"row-2\"><td class=\"column-1\">17\/06\/2022<\/td><td class=\"column-2\">03\/07\/2022<\/td><td class=\"column-3\">Multiparametric Experiment<\/td><td class=\"column-4\">Krafla Multiparametric Experiment<\/td><td class=\"column-5\">Krafla Volcanic Area<\/td><\/tr><tr class=\"row-3\"><td class=\"column-1\">23\/01\/2023<\/td><td class=\"column-2\">25\/01\/2023<\/td><td class=\"column-3\">Specialized Short Course<\/td><td class=\"column-4\">Seismology and Imaging<\/td><td class=\"column-5\">ISTerre, Grenoble, France<\/td><\/tr><tr class=\"row-4\"><td class=\"column-1\">15\/05\/2023<\/td><td class=\"column-2\">19\/05\/2023<\/td><td class=\"column-3\">School<\/td><td class=\"column-4\">DIAS School on Inversion and Backward Modelling<\/td><td class=\"column-5\">Dublin Insitute for Advanced Sciences (DIAS)<\/td><\/tr><tr class=\"row-5\"><td class=\"column-1\">23\/07\/2023<\/td><td class=\"column-2\">02\/08\/2023<\/td><td class=\"column-3\">Multiparametric Experiment<\/td><td class=\"column-4\">IMPROVE Etna Multiparametric Experiment<\/td><td class=\"column-5\">Mount Etna, Sicily, Italy<\/td><\/tr><tr class=\"row-6\"><td class=\"column-1\">24\/07\/2023<\/td><td class=\"column-2\">03\/08\/2023<\/td><td class=\"column-3\">School<\/td><td class=\"column-4\">Multiparametric Volcano Monitoring: Data Processing, Analysis and Modelling<\/td><td class=\"column-5\">INGV Catania<\/td><\/tr><tr class=\"row-7\"><td class=\"column-1\">24\/01\/2024<\/td><td class=\"column-2\">26\/01\/2024<\/td><td class=\"column-3\">Specialized Short Course<\/td><td class=\"column-4\">Data Analysis and Pattern Recognition<\/td><td class=\"column-5\">Escuela T\u00e9cnica Superior de Ingenier\u00eda Inform\u00e1tica y de Telecomunicaci\u00f3n (ETSIIT), University of Granada<\/td><\/tr><tr class=\"row-8\"><td class=\"column-1\">06\/02\/2024<\/td><td class=\"column-2\">11\/02\/2024<\/td><td class=\"column-3\">Conference Field Trip<\/td><td class=\"column-4\">COV12 Pre-Conference Field Trip to Nicaragua<\/td><td class=\"column-5\">Instituto Nicarag\u00fcense de Estudios Territoriales (INETER)<\/td><\/tr><tr class=\"row-9\"><td class=\"column-1\">27\/05\/2024<\/td><td class=\"column-2\">27\/05\/2024<\/td><td class=\"column-3\">Mini-Workshop<\/td><td class=\"column-4\">IMPROVE Mini-Workshop<\/td><td class=\"column-5\">GFZ Potsdam<\/td><\/tr><tr class=\"row-10\"><td class=\"column-1\">28\/05\/2024<\/td><td class=\"column-2\">31\/05\/2024<\/td><td class=\"column-3\">School<\/td><td class=\"column-4\">IMPROVE 4th School: Multifacet Science: data, models, infrastructure, industry and communication<\/td><td class=\"column-5\">GFZ Potsdam<\/td><\/tr><tr class=\"row-11\"><td class=\"column-1\">30\/09\/2024<\/td><td class=\"column-2\">03\/10\/2024<\/td><td class=\"column-3\">Specialized Short Course<\/td><td class=\"column-4\">Geochemical and geophysical methods for volcano monitoring and geothermal exploration<\/td><td class=\"column-5\">West Systems, Pontedera, Italy<\/td><\/tr><\/tbody><\/table><\/div><\/div><\/div><div class=\"ea-card sp-ea-single\"><h3 class=\"ea-header\"><a class=\"collapsed\" id=\"ea-header-67553\" role=\"button\" data-sptoggle=\"spcollapse\" data-sptarget=\"#collapse67553\" aria-controls=\"collapse67553\" href=\"#\" aria-expanded=\"false\" tabindex=\"0\"><i aria-hidden=\"true\" role=\"presentation\" class=\"ea-expand-icon eap-icon-ea-expand-plus\"><\/i> Other Activities<\/a><\/h3><div class=\"sp-collapse spcollapse \" id=\"collapse67553\" data-parent=\"#sp-ea-6755\" role=\"region\" aria-labelledby=\"ea-header-67553\"> <div class=\"ea-body\"><table id=\"tablepress-105\" class=\"tablepress tablepress-id-105\"><thead><tr class=\"row-1\"><th class=\"column-1\">Data (from)<\/th><th class=\"column-2\">Data (to)<\/th><th class=\"column-3\">Type<\/th><th class=\"column-4\">Venue<\/th><th class=\"column-5\">Title<\/th><th class=\"column-6\">Description<\/th><\/tr><\/thead><tbody class=\"row-striping row-hover\"><tr class=\"row-2\"><td class=\"column-1\">01\/09\/2022<\/td><td class=\"column-2\">28\/10\/2022<\/td><td class=\"column-3\">Secondment<\/td><td class=\"column-4\">INGV Catania &amp; INGV Pisa<\/td><td class=\"column-5\">Secondment at INGV Pisa and INGV Catania<\/td><td class=\"column-6\">I had a secondment with two institutes in the INGV, Catania and Pisa sections. These secondments allowed me to collect volcanic data, gave insights into the volcanic observatory and the work done there aswell as gave me a chance to experience the processing of volcanic data.<\/td><\/tr><tr class=\"row-3\"><td class=\"column-1\">16\/01\/2023<\/td><td class=\"column-2\">17\/03\/2023<\/td><td class=\"column-3\">Secondment<\/td><td class=\"column-4\">United Kingdom<\/td><td class=\"column-5\">Secondment at the University of Lancaster<\/td><td class=\"column-6\">2 months at the University of Lancaster working on image processing methods and helping with analogue lab experiments.<\/td><\/tr><tr class=\"row-4\"><td class=\"column-1\">02\/05\/2023<\/td><td class=\"column-2\">12\/05\/2023<\/td><td class=\"column-3\">Secondment<\/td><td class=\"column-4\">Dublin Institute for Advanced Sciences (DIAS)<\/td><td class=\"column-5\">Secondment at DIAS<\/td><td class=\"column-6\">I spent 2 weeks with DIAS learning about seismic data processing and the applications of it.<\/td><\/tr><tr class=\"row-5\"><td class=\"column-1\">14\/11\/2023<\/td><td class=\"column-2\">15\/11\/2023<\/td><td class=\"column-3\">MSCA Science-Policy Event<\/td><td class=\"column-4\">Universidad de Castilla-La Mancha, Campus de Toledo<\/td><td class=\"column-5\">MSCA Science Policy Pitch Contest<\/td><td class=\"column-6\">Selected as 1 of 12 Marie Curie researchers to present the relationship between my scientific research and policy as a part of a Marie Curie research conference.<\/td><\/tr><tr class=\"row-6\"><td class=\"column-1\">03\/06\/2024<\/td><td class=\"column-2\">05\/07\/2024<\/td><td class=\"column-3\">Scientific Exchange<\/td><td class=\"column-4\">Lindau Island<\/td><td class=\"column-5\">73rd Lindau Nobel Laureate Meeting<\/td><td class=\"column-6\">Meeting of young researchers with Nobel Laureates in the area of Physics.<\/td><\/tr><\/tbody><\/table><\/div><\/div><\/div><\/div><\/div>\n","protected":false},"excerpt":{"rendered":"<p>Joe Carthy Nationality: IrishInstitution: Universidad de GranadaCountry: SpainResearch Title: Automatic Detection and Classification of Relevant Events from Ground Displacement Monitoring Devices PROJECT SUMMARY The objective of this project is to develop an automatic real time system to analyse the data acquired by different types of sensors. This will involve mining ground displacement data from multiple [&hellip;]<\/p>\n","protected":false},"author":1,"featured_media":0,"parent":4278,"menu_order":0,"comment_status":"closed","ping_status":"closed","template":"","meta":{"footnotes":""},"class_list":["post-5260","page","type-page","status-publish","hentry"],"jetpack_sharing_enabled":true,"_links":{"self":[{"href":"https:\/\/www.improve-etn.eu\/index.php\/wp-json\/wp\/v2\/pages\/5260","targetHints":{"allow":["GET"]}}],"collection":[{"href":"https:\/\/www.improve-etn.eu\/index.php\/wp-json\/wp\/v2\/pages"}],"about":[{"href":"https:\/\/www.improve-etn.eu\/index.php\/wp-json\/wp\/v2\/types\/page"}],"author":[{"embeddable":true,"href":"https:\/\/www.improve-etn.eu\/index.php\/wp-json\/wp\/v2\/users\/1"}],"replies":[{"embeddable":true,"href":"https:\/\/www.improve-etn.eu\/index.php\/wp-json\/wp\/v2\/comments?post=5260"}],"version-history":[{"count":2,"href":"https:\/\/www.improve-etn.eu\/index.php\/wp-json\/wp\/v2\/pages\/5260\/revisions"}],"predecessor-version":[{"id":6756,"href":"https:\/\/www.improve-etn.eu\/index.php\/wp-json\/wp\/v2\/pages\/5260\/revisions\/6756"}],"up":[{"embeddable":true,"href":"https:\/\/www.improve-etn.eu\/index.php\/wp-json\/wp\/v2\/pages\/4278"}],"wp:attachment":[{"href":"https:\/\/www.improve-etn.eu\/index.php\/wp-json\/wp\/v2\/media?parent=5260"}],"curies":[{"name":"wp","href":"https:\/\/api.w.org\/{rel}","templated":true}]}}