{"id":5161,"date":"2022-05-24T11:19:55","date_gmt":"2022-05-24T09:19:55","guid":{"rendered":"https:\/\/www.improve-etn.eu\/?page_id=5161"},"modified":"2024-02-26T12:15:29","modified_gmt":"2024-02-26T11:15:29","slug":"yilin-yang","status":"publish","type":"page","link":"https:\/\/www.improve-etn.eu\/index.php\/researchers\/yilin-yang\/","title":{"rendered":"Yilin Yang"},"content":{"rendered":"\n<div class=\"wp-block-media-text alignwide is-stacked-on-mobile\" style=\"grid-template-columns:15% auto\"><figure class=\"wp-block-media-text__media\"><img loading=\"lazy\" decoding=\"async\" width=\"271\" height=\"271\" src=\"https:\/\/www.improve-etn.eu\/wp-content\/uploads\/2022\/05\/Yilin-Yang.png\" alt=\"\" class=\"wp-image-5162 size-full\" srcset=\"https:\/\/www.improve-etn.eu\/wp-content\/uploads\/2022\/05\/Yilin-Yang.png 271w, https:\/\/www.improve-etn.eu\/wp-content\/uploads\/2022\/05\/Yilin-Yang-150x150.png 150w\" sizes=\"auto, (max-width: 271px) 100vw, 271px\" \/><\/figure><div class=\"wp-block-media-text__content\">\n<h3 class=\"wp-block-heading\">Yilin Yang<\/h3>\n\n\n\n<p><strong>Nationality<\/strong>: Chinese<br><strong>Institution<\/strong>: University of Iceland<br><strong>Country<\/strong>: Iceland<br><strong>Research Title<\/strong>: Crustal deformation modelling in the Krafla area based on realistic Earth properties<\/p>\n<\/div><\/div>\n\n\n\n<hr class=\"wp-block-separator has-text-color has-css-opacity has-background\" style=\"background-color:#cecece;color:#cecece\"\/>\n\n\n\n<h4 class=\"wp-block-heading\">PROJECT SUMMARY<\/h4>\n\n\n\n<p>The objectives of this research project are: i) to constrain the parameters of Earth properties based on geodetic observations of crustal deformation (GNSS, InSAR, leveling, etc.) and other observations (borehole, seismic tomography, thermal structure, and resistivity data); ii) to evaluate the poro-elastic properties of the geothermal field and to develop a 3D model of the elastic, visco- and poro-elastic structure of the area; iii) to interpret shallow deformation signals and investigate their origins from geothermal utilization and natural processes; iv) to re-evaluate and improve the models of past and present deformation process, e.g., the Krafla fires and the post-eruptive period. Besides, the surface deformation maps from geodetic observations will be updated in this project this project.<\/p>\n\n\n\n<h4 class=\"wp-block-heading\">Scientific Background<\/h4>\n\n\n\n<p>I graduated from Wuhan University, China, in 2018 with a BSc. in Geodesy and Geomatics Engineering. Motivated by a strong interest on earth sciences, I continued to take MSc. in Geodesy and Survey Engineering in Wuhan University, where I studied GNSS time series analysis and crustal deformation monitoring with deformation and strain maps. During my MSc., I participated in a Natural Science Foundation of China (NSFC) project (reconstructing continuous deformation maps with scattered GNSS stations), a National Key R&amp;D project of China (modelling seasonal variations in GNSS time series, respectively based on mathematical methods and geophysical models) and a Natural Science Foundation of Hubei Province, China, project (robust trend estimation for GNSS stations with multisource time series). In Oct. 2021, School of Geodesy and Geomatics, Wuhan University, hired me as an assistant engineer to develop a software generating crustal deformation maps with GNSS data. I also have been working on the correlation analysis methods for non-stationary time series and the hydrological analysis of North China Plain.<\/p>\n\n\n\n<h4 class=\"wp-block-heading\">Activity Record<\/h4>\n\n\n<style>#sp-ea-6371 .spcollapsing { height: 0; overflow: hidden; transition-property: height;transition-duration: 300ms;}#sp-ea-6371.sp-easy-accordion>.sp-ea-single {margin-bottom: 10px; border: 1px solid #5f95db; }#sp-ea-6371.sp-easy-accordion>.sp-ea-single>.ea-header a {color: #496ba8;}#sp-ea-6371.sp-easy-accordion>.sp-ea-single>.sp-collapse>.ea-body {background: #fff; color: #444;}#sp-ea-6371.sp-easy-accordion>.sp-ea-single {background: #eff4fc;}#sp-ea-6371.sp-easy-accordion>.sp-ea-single>.ea-header a .ea-expand-icon { float: right; color: #496ba8;font-size: 16px;}#sp-ea-6371.sp-easy-accordion>.sp-ea-single>.ea-header a .ea-expand-icon {margin-right: 0;}<\/style><div id=\"sp_easy_accordion-1708941046\"><div id=\"sp-ea-6371\" class=\"sp-ea-one sp-easy-accordion\" data-ea-active=\"ea-click\" data-ea-mode=\"vertical\" data-preloader=\"\" data-scroll-active-item=\"\" data-offset-to-scroll=\"0\"><div class=\"ea-card ea-expand sp-ea-single\"><h3 class=\"ea-header\"><a class=\"collapsed\" id=\"ea-header-63710\" role=\"button\" data-sptoggle=\"spcollapse\" data-sptarget=\"#collapse63710\" aria-controls=\"collapse63710\" href=\"#\" aria-expanded=\"true\" tabindex=\"0\"><i aria-hidden=\"true\" role=\"presentation\" class=\"ea-expand-icon eap-icon-ea-expand-minus\"><\/i> Publications<\/a><\/h3><div class=\"sp-collapse spcollapse collapsed show\" id=\"collapse63710\" data-parent=\"#sp-ea-6371\" role=\"region\" aria-labelledby=\"ea-header-63710\"> <div class=\"ea-body\"><table id=\"tablepress-57\" class=\"tablepress tablepress-id-57\"><thead><tr class=\"row-1\"><th class=\"column-1\">Year<\/th><th class=\"column-2\">Authors<\/th><th class=\"column-3\">Title<\/th><th class=\"column-4\">Journal<\/th><th class=\"column-5\">Volume<\/th><th class=\"column-6\">DOI<\/th><\/tr><\/thead><tbody class=\"row-striping\"><tr class=\"row-2\"><td class=\"column-1\">2023<\/td><td class=\"column-2\">Yilin Yang, Chiara Lanzi, Freysteinn Sigmundsson, Halld\u00f3r Geirsson, Sigr\u00fan Hreinsd\u00f3ttir<\/td><td class=\"column-3\">GNSS surveying and ground deformation at Krafla, N\u00e1mafjall and \u00deeistareykir: Status report May 2023<\/td><td class=\"column-4\">Landsvirkjun report <\/td><td class=\"column-5\">LV-2023-034<\/td><td class=\"column-6\"><a href=\"https:\/\/gogn.lv.is\/files\/2025\/2025-006.pdf\" target=\"_blank\">https:\/\/gogn.lv.is\/files\/2025\/2025-006.pdf<\/a><\/td><\/tr><tr class=\"row-3\"><td class=\"column-1\">2023<\/td><td class=\"column-2\">Yilin Yang, Freysteinn Sigmundsson, Halld\u00f3r Geirsson<\/td><td class=\"column-3\">Joint Bayesian Modeling of Velocity Break Points, Noise Characteristics, and Their Uncertainties in GNSS Time Series: Far\u2010Field Velocity Anomalies Concurrent With Magmatic Activity in Iceland<\/td><td class=\"column-4\">Geophysical Research Letters<\/td><td class=\"column-5\">50, e2023GL103432<\/td><td class=\"column-6\"><a href=\"https:\/\/doi.org\/10.1029\/2023GL103432\" rel=\"noopener\" target=\"_blank\">https:\/\/doi.org\/10.1029\/2023GL103432<\/a><\/td><\/tr><tr class=\"row-4\"><td class=\"column-1\">2023<\/td><td class=\"column-2\">M.R. Koymans, E. de Zeeuw-van Dalfsen, J. Sep\u00falveda, L.G. Evers, J.M. Giniaux, R. Grapenthin, A. Hooper, B.G. \u00d3feigsson, F. Sigmundsson, Y. Yang<\/td><td class=\"column-3\">Decades of subsidence followed by rapid uplift: Insights from microgravity data at Askja Volcano, Iceland<\/td><td class=\"column-4\">Journal of Volcanology and Geothermal Research<\/td><td class=\"column-5\">442, 107890<\/td><td class=\"column-6\"><a href=\"https:\/\/doi.org\/10.1016\/j.jvolgeores.2023.107890\" rel=\"noopener\" target=\"_blank\">https:\/\/doi.org\/10.1016\/j.jvolgeores.2023.107890<\/a><\/td><\/tr><tr class=\"row-5\"><td class=\"column-1\">2024<\/td><td class=\"column-2\">Michelle M. Parks, Freysteinn Sigmundsson, Vincent Drouin, Sigr\u00fan Hreinsd\u00f3ttir, Andrew Hooper, Yilin Yang, Benedikt G. \u00d3feigsson, Erik Sturkell, \u00c1sta R. Hjartard\u00f3ttir, Ronni Grapenthin, Halld\u00f3r Geirsson, Elisa Trasatti, Sara Barsotti, Rikke Pedersen, P\u00e1ll Einarsson, Bergr\u00fan A. \u00d3lad\u00f3ttir, Hildur M. Fri\u00f0riksd\u00f3ttir<\/td><td class=\"column-3\">2021\u20132023 unrest and geodetic observations at Askja volcano, Iceland<\/td><td class=\"column-4\">Geophysical Research Letters<\/td><td class=\"column-5\">51, e2023GL106730<\/td><td class=\"column-6\"><a href=\"https:\/\/doi.org\/10.1029\/2023GL106730\" rel=\"noopener\" target=\"_blank\">https:\/\/doi.org\/10.1029\/2023GL106730<\/a><\/td><\/tr><tr class=\"row-6\"><td class=\"column-1\">2024<\/td><td class=\"column-2\">Freysteinn Sigmundsson, Michelle Parks, Halld\u00f3r Geirsson, Andrew Hooper, Vincent Drouin, Krist\u00edn S Vogfj\u00f6rd, Benedikt G \u00d3feigsson, Sonja HM Greiner, Yilin Yang, Chiara Lanzi, Gregory P De Pascale, Krist\u00edn J\u00f3nsd\u00f3ttir, Sigr\u00fan Hreinsd\u00f3ttir, Valentyn Tolpekin, Hildur Mar\u00eda Fri\u00f0riksd\u00f3ttir, P\u00e1ll Einarsson, Sara Barsotti<\/td><td class=\"column-3\">Fracturing and tectonic stress drive ultrarapid magma flow into dikes<\/td><td class=\"column-4\">Science<\/td><td class=\"column-5\">383(6688)<\/td><td class=\"column-6\"><a href=\"https:\/\/doi.org\/10.1126\/science.adn2838\" rel=\"noopener\" target=\"_blank\">https:\/\/doi.org\/10.1126\/science.adn2838<\/a><\/td><\/tr><tr class=\"row-7\"><td class=\"column-1\">2025<\/td><td class=\"column-2\">Yilin Yang, Freysteinn, Sigmundsson, Vincent Drouin, Halld\u00f3r Geirsson<\/td><td class=\"column-3\">2002\u20132023 ground displacements and strain in the \u00deeistareykir and Krafla areas based on GNSS and InSAR<\/td><td class=\"column-4\">Landsvirkjun report<\/td><td class=\"column-5\">LV-2025-006<\/td><td class=\"column-6\"><a href=\"https:\/\/gogn.lv.is\/files\/2025\/2025-006.pdf\" target=\"_blank\">https:\/\/gogn.lv.is\/files\/2025\/2025-006.pdf<\/a><\/td><\/tr><tr class=\"row-8\"><td class=\"column-1\">2025<\/td><td class=\"column-2\">Yifang Ma, Yilin Yang, Xiaohui Zhou, Leyin Hu, Wei Liu<\/td><td class=\"column-3\">Stochastic properties of GNSS height time series caused by aperiodic part of environmental loading deformations: Case study in Beijing and its surrounding areas<\/td><td class=\"column-4\">Advances in Space Research<\/td><td class=\"column-5\">76(2)<\/td><td class=\"column-6\"><a href=\"https:\/\/doi.org\/10.1016\/j.asr.2025.05.029\" target=\"_blank\">https:\/\/doi.org\/10.1016\/j.asr.2025.05.029<\/a><\/td><\/tr><\/tbody><\/table><\/div><\/div><\/div><div class=\"ea-card sp-ea-single\"><h3 class=\"ea-header\"><a class=\"collapsed\" id=\"ea-header-63711\" role=\"button\" data-sptoggle=\"spcollapse\" data-sptarget=\"#collapse63711\" aria-controls=\"collapse63711\" href=\"#\" aria-expanded=\"false\" tabindex=\"0\"><i aria-hidden=\"true\" role=\"presentation\" class=\"ea-expand-icon eap-icon-ea-expand-plus\"><\/i> Conference - Workshop - Meeting<\/a><\/h3><div class=\"sp-collapse spcollapse \" id=\"collapse63711\" data-parent=\"#sp-ea-6371\" role=\"region\" aria-labelledby=\"ea-header-63711\"> <div class=\"ea-body\"><table id=\"tablepress-58\" class=\"tablepress tablepress-id-58\"><thead><tr class=\"row-1\"><th class=\"column-1\">Year<\/th><th class=\"column-2\">Authors<\/th><th class=\"column-3\">Title<\/th><th class=\"column-4\">Congress<\/th><th class=\"column-5\">Type<\/th><th class=\"column-6\">DOI\/Link<\/th><td class=\"column-7\"><\/td><td class=\"column-8\"><\/td><td class=\"column-9\"><\/td><td class=\"column-10\"><\/td><td class=\"column-11\"><\/td><td class=\"column-12\"><\/td><\/tr><\/thead><tbody class=\"row-striping\"><tr class=\"row-2\"><td class=\"column-1\">2023<\/td><td class=\"column-2\">Yilin Yang, Freysteinn Sigmundsson, Halld\u00f3r Geirsson, Chiara Lanzi, Sigr\u00fan Hreinsd\u00f3ttir, Vincent Drouin, Xiaohui Zhou, Yifang Ma<\/td><td class=\"column-3\">Bayesian modeling of velocity break points in GNSS time series and the effect of noise on their estimation: Did velocity anomalies in the Krafla volcanic system, north Iceland, precede the B\u00e1r\u00f0arbunga-Holuhraun 2014-2015 rifting episode?<\/td><td class=\"column-4\">EGU General Assembly 2023<\/td><td class=\"column-5\">Presentation<\/td><td class=\"column-6\"><a href=\"https:\/\/doi.org\/10.5194\/egusphere-egu23-7374\" rel=\"noopener\" target=\"_blank\">https:\/\/doi.org\/10.5194\/egusphere-egu23-7374<\/a><\/td><td class=\"column-7\"><\/td><td class=\"column-8\"><\/td><td class=\"column-9\"><\/td><td class=\"column-10\"><\/td><td class=\"column-11\"><\/td><td class=\"column-12\"><\/td><\/tr><tr class=\"row-3\"><td class=\"column-1\">2024<\/td><td class=\"column-2\">Yilin Yang, Freysteinn Sigmundsson, Halld\u00f3r Geirsson, Joachim Gottsmann<\/td><td class=\"column-3\">Low overpressure in a magma domain prior to rifting predicted by a modified dike sequence model for the 1975\u20131984 Krafla rifting episode<\/td><td class=\"column-4\">KMT Symposium<\/td><td class=\"column-5\">Poster<\/td><td class=\"column-6\"><\/td><td class=\"column-7\"><\/td><td class=\"column-8\"><\/td><td class=\"column-9\"><\/td><td class=\"column-10\"><\/td><td class=\"column-11\"><\/td><td class=\"column-12\"><\/td><\/tr><tr class=\"row-4\"><td class=\"column-1\">2024<\/td><td class=\"column-2\">Yilin Yang, Freysteinn Sigmundsson, Halld\u00f3r Geirsson, Joachim Gottsmann, Michelle Parks<\/td><td class=\"column-3\">Lateral Dikes during the 1975\u20131984 Krafla and the 2023\u20132024 Sundhn\u00fakur Crater Row Rifting Episodes in Iceland: Reexamination of the Roles of Tectonic Stress and Topography<\/td><td class=\"column-4\">AGU24 Annual Meeting<\/td><td class=\"column-5\">Presentation<\/td><td class=\"column-6\"><a href=\"https:\/\/agu.confex.com\/agu\/agu24\/meetingapp.cgi\/Paper\/1518685\" target=\"_blank\">https:\/\/agu.confex.com\/agu\/agu24\/meetingapp.cgi\/Paper\/1518685<\/a><\/td><td class=\"column-7\"><\/td><td class=\"column-8\"><\/td><td class=\"column-9\"><\/td><td class=\"column-10\"><\/td><td class=\"column-11\"><\/td><td class=\"column-12\"><\/td><\/tr><tr class=\"row-5\"><td class=\"column-1\">2025<\/td><td class=\"column-2\">Yilin Yang, Freysteinn Sigmundsson, Halld\u00f3r Geirsson, Joachim Gottsmann<\/td><td class=\"column-3\">Role of tectonic stress and topography on repeated lateral dikes: case studies from the 1975\u20131984 Krafla and 2023\u20132025 Svartsengi rifting episodes in Iceland<\/td><td class=\"column-4\">EGU General Assembly 2025<\/td><td class=\"column-5\">Poster<\/td><td class=\"column-6\"><a href=\"https:\/\/doi.org\/10.5194\/egusphere-egu25-13373\" target=\"_blank\">https:\/\/doi.org\/10.5194\/egusphere-egu25-13373<\/a><\/td><td class=\"column-7\"><\/td><td class=\"column-8\"><\/td><td class=\"column-9\"><\/td><td class=\"column-10\"><\/td><td class=\"column-11\"><\/td><td class=\"column-12\"><\/td><\/tr><\/tbody><\/table><\/div><\/div><\/div><div class=\"ea-card sp-ea-single\"><h3 class=\"ea-header\"><a class=\"collapsed\" id=\"ea-header-63712\" role=\"button\" data-sptoggle=\"spcollapse\" data-sptarget=\"#collapse63712\" aria-controls=\"collapse63712\" href=\"#\" aria-expanded=\"false\" tabindex=\"0\"><i aria-hidden=\"true\" role=\"presentation\" class=\"ea-expand-icon eap-icon-ea-expand-plus\"><\/i> Training Events Attended<\/a><\/h3><div class=\"sp-collapse spcollapse \" id=\"collapse63712\" data-parent=\"#sp-ea-6371\" role=\"region\" aria-labelledby=\"ea-header-63712\"> <div class=\"ea-body\"><table id=\"tablepress-59\" class=\"tablepress tablepress-id-59\"><thead><tr class=\"row-1\"><th class=\"column-1\">Data (from)<\/th><th class=\"column-2\">Data (to)<\/th><th class=\"column-3\">Type<\/th><th class=\"column-4\">Title<\/th><th class=\"column-5\">Venue<\/th><\/tr><\/thead><tbody class=\"row-striping\"><tr class=\"row-2\"><td class=\"column-1\">11\/06\/2022<\/td><td class=\"column-2\">16\/06\/2022<\/td><td class=\"column-3\">School<\/td><td class=\"column-4\">Geothermal and Magmatic Systems<\/td><td class=\"column-5\">Laugar, Reykjadalur, North Iceland<\/td><\/tr><tr class=\"row-3\"><td class=\"column-1\">17\/06\/2022<\/td><td class=\"column-2\">03\/07\/2022<\/td><td class=\"column-3\">Multiparametric Experiment<\/td><td class=\"column-4\">Krafla multiparametric experiment<\/td><td class=\"column-5\">Krafla, Iceland<\/td><\/tr><tr class=\"row-4\"><td class=\"column-1\">14\/05\/2023<\/td><td class=\"column-2\">20\/05\/2023<\/td><td class=\"column-3\">School<\/td><td class=\"column-4\">Geophysical data inversion and numerical forward modelling<\/td><td class=\"column-5\">Carlingford, Ireland<\/td><\/tr><tr class=\"row-5\"><td class=\"column-1\">24\/07\/2023<\/td><td class=\"column-2\">28\/07\/2023<\/td><td class=\"column-3\">School<\/td><td class=\"column-4\">Multiparametric Volcano Monitoring: Data Processing, Analysis and Modelling<\/td><td class=\"column-5\">Nicolosi (Mount Etna), Italy<\/td><\/tr><tr class=\"row-6\"><td class=\"column-1\">23\/07\/2023<\/td><td class=\"column-2\">02\/08\/2023<\/td><td class=\"column-3\">Multiparametric Experiment<\/td><td class=\"column-4\">Etna multiparametric experiment<\/td><td class=\"column-5\">Mount Etna, Sicily, Italy<\/td><\/tr><tr class=\"row-7\"><td class=\"column-1\">27\/03\/2023<\/td><td class=\"column-2\">29\/03\/2023<\/td><td class=\"column-3\">Specialized Short Course<\/td><td class=\"column-4\">Volcano Geodesy<\/td><td class=\"column-5\">Bristol, UK<\/td><\/tr><tr class=\"row-8\"><td class=\"column-1\">21\/01\/2023<\/td><td class=\"column-2\">23\/01\/2023<\/td><td class=\"column-3\">Specialized Short Course<\/td><td class=\"column-4\">Seismology and Imaging<\/td><td class=\"column-5\"> ISTerre, Grenoble, France<\/td><\/tr><tr class=\"row-9\"><td class=\"column-1\">08\/04\/2024<\/td><td class=\"column-2\">10\/04\/2024<\/td><td class=\"column-3\">Specialized Short Course<\/td><td class=\"column-4\">Petrophysical properties - from the laboratory to the field and modelling<\/td><td class=\"column-5\">LMU, Munich, Germany<\/td><\/tr><tr class=\"row-10\"><td class=\"column-1\">28\/05\/2024<\/td><td class=\"column-2\">31\/05\/2024<\/td><td class=\"column-3\">School<\/td><td class=\"column-4\">Multi-facet Science: data, models, infrastructure, industry and communication<\/td><td class=\"column-5\">GFZ, Potsdam, Germany<\/td><\/tr><\/tbody><\/table><\/div><\/div><\/div><div class=\"ea-card sp-ea-single\"><h3 class=\"ea-header\"><a class=\"collapsed\" id=\"ea-header-63713\" role=\"button\" data-sptoggle=\"spcollapse\" data-sptarget=\"#collapse63713\" aria-controls=\"collapse63713\" href=\"#\" aria-expanded=\"false\" tabindex=\"0\"><i aria-hidden=\"true\" role=\"presentation\" class=\"ea-expand-icon eap-icon-ea-expand-plus\"><\/i> Other Activities<\/a><\/h3><div class=\"sp-collapse spcollapse \" id=\"collapse63713\" data-parent=\"#sp-ea-6371\" role=\"region\" aria-labelledby=\"ea-header-63713\"> <div class=\"ea-body\"><table id=\"tablepress-60\" class=\"tablepress tablepress-id-60\"><thead><tr class=\"row-1\"><th class=\"column-1\">Data (from)<\/th><th class=\"column-2\">Data (to)<\/th><th class=\"column-3\">Type<\/th><th class=\"column-4\">Venue<\/th><th class=\"column-5\">Title<\/th><th class=\"column-6\">Description<\/th><\/tr><\/thead><tbody class=\"row-striping\"><tr class=\"row-2\"><td class=\"column-1\">17\/08\/2022<\/td><td class=\"column-2\">31\/08\/2022<\/td><td class=\"column-3\">Field campaign<\/td><td class=\"column-4\">Askja, Iceland<\/td><td class=\"column-5\">2022 GNSS and leveling campaign in Askja<\/td><td class=\"column-6\">2022 GNSS and leveling campaign in Askja<\/td><\/tr><tr class=\"row-3\"><td class=\"column-1\">15\/06\/2023<\/td><td class=\"column-2\">29\/06\/2023<\/td><td class=\"column-3\">Field campaign<\/td><td class=\"column-4\">Krafla, Iceland<\/td><td class=\"column-5\">2023 GNSS campaign in Krafla and \u00deeistareykir<\/td><td class=\"column-6\">2023 GNSS campaign in Krafla and \u00deeistareykir<\/td><\/tr><tr class=\"row-4\"><td class=\"column-1\">21\/08\/2023<\/td><td class=\"column-2\">30\/08\/2023<\/td><td class=\"column-3\">Field campaign<\/td><td class=\"column-4\">Askja, Iceland<\/td><td class=\"column-5\">2023 GNSS campaign in Askja<\/td><td class=\"column-6\">2023 GNSS campaign in Askja<\/td><\/tr><tr class=\"row-5\"><td class=\"column-1\">28\/01\/2023<\/td><td class=\"column-2\">29\/03\/2023<\/td><td class=\"column-3\">Secondment<\/td><td class=\"column-4\">University of Bristol, U.K.<\/td><td class=\"column-5\">Secondment at University of Bristol<\/td><td class=\"column-6\">Two-month secondment at Bristol on COMSOL training<\/td><\/tr><tr class=\"row-6\"><td class=\"column-1\">19\/10\/2023<\/td><td class=\"column-2\">22\/11\/2023<\/td><td class=\"column-3\">Secondment<\/td><td class=\"column-4\">INGV Catania, Sicily, Italy<\/td><td class=\"column-5\">Secondment at INGV Catania<\/td><td class=\"column-6\">One-month secondment in Catania on joint inversion and high-rate GNSS processing<\/td><\/tr><tr class=\"row-7\"><td class=\"column-1\">10\/05\/2024<\/td><td class=\"column-2\">02\/06\/2024<\/td><td class=\"column-3\">Secondment<\/td><td class=\"column-4\">INGV Catania, Sicily, Italy<\/td><td class=\"column-5\">Secondment at INGV Catania<\/td><td class=\"column-6\">One-month secondment in Catania on joint inversion and high-rate GNSS processing<\/td><\/tr><tr class=\"row-8\"><td class=\"column-1\">14\/06\/2024<\/td><td class=\"column-2\">29\/06\/2024<\/td><td class=\"column-3\">Field campaign<\/td><td class=\"column-4\">Krafla, Iceland<\/td><td class=\"column-5\">2024 GNSS campaign in Krafla and \u00deeistareykir<\/td><td class=\"column-6\">2024 GNSS campaign in Krafla and \u00deeistareykir (with TU Delft)<\/td><\/tr><tr class=\"row-9\"><td class=\"column-1\">26\/08\/2024<\/td><td class=\"column-2\">25\/10\/2024<\/td><td class=\"column-3\">Secondment<\/td><td class=\"column-4\">University of Bristol, U.K.<\/td><td class=\"column-5\">Secondment at University of Bristol<\/td><td class=\"column-6\">Two-month secondment at Bristol on InSAR data processing<\/td><\/tr><tr class=\"row-10\"><td class=\"column-1\">18\/06\/2025<\/td><td class=\"column-2\">24\/06\/2025<\/td><td class=\"column-3\">Field campaign<\/td><td class=\"column-4\">Krafla, Iceland<\/td><td class=\"column-5\">2025 GNSS campaign in Krafla and \u00deeistareykir<\/td><td class=\"column-6\">2025 GNSS campaign in Krafla and \u00deeistareykir (with TU Delft)<\/td><\/tr><\/tbody><\/table><\/div><\/div><\/div><\/div><\/div>\n","protected":false},"excerpt":{"rendered":"<p>Yilin Yang Nationality: ChineseInstitution: University of IcelandCountry: IcelandResearch Title: Crustal deformation modelling in the Krafla area based on realistic Earth properties PROJECT SUMMARY The objectives of this research project are: i) to constrain the parameters of Earth properties based on geodetic observations of crustal deformation (GNSS, InSAR, leveling, etc.) and other observations (borehole, seismic tomography, [&hellip;]<\/p>\n","protected":false},"author":1,"featured_media":0,"parent":4278,"menu_order":0,"comment_status":"closed","ping_status":"closed","template":"","meta":{"footnotes":""},"class_list":["post-5161","page","type-page","status-publish","hentry"],"jetpack_sharing_enabled":true,"_links":{"self":[{"href":"https:\/\/www.improve-etn.eu\/index.php\/wp-json\/wp\/v2\/pages\/5161","targetHints":{"allow":["GET"]}}],"collection":[{"href":"https:\/\/www.improve-etn.eu\/index.php\/wp-json\/wp\/v2\/pages"}],"about":[{"href":"https:\/\/www.improve-etn.eu\/index.php\/wp-json\/wp\/v2\/types\/page"}],"author":[{"embeddable":true,"href":"https:\/\/www.improve-etn.eu\/index.php\/wp-json\/wp\/v2\/users\/1"}],"replies":[{"embeddable":true,"href":"https:\/\/www.improve-etn.eu\/index.php\/wp-json\/wp\/v2\/comments?post=5161"}],"version-history":[{"count":9,"href":"https:\/\/www.improve-etn.eu\/index.php\/wp-json\/wp\/v2\/pages\/5161\/revisions"}],"predecessor-version":[{"id":6396,"href":"https:\/\/www.improve-etn.eu\/index.php\/wp-json\/wp\/v2\/pages\/5161\/revisions\/6396"}],"up":[{"embeddable":true,"href":"https:\/\/www.improve-etn.eu\/index.php\/wp-json\/wp\/v2\/pages\/4278"}],"wp:attachment":[{"href":"https:\/\/www.improve-etn.eu\/index.php\/wp-json\/wp\/v2\/media?parent=5161"}],"curies":[{"name":"wp","href":"https:\/\/api.w.org\/{rel}","templated":true}]}}