{"id":4521,"date":"2022-05-04T10:39:17","date_gmt":"2022-05-04T08:39:17","guid":{"rendered":"http:\/\/www.improve-etn.eu\/?page_id=4521"},"modified":"2024-03-15T15:32:15","modified_gmt":"2024-03-15T14:32:15","slug":"manuel-girela-arcona","status":"publish","type":"page","link":"https:\/\/www.improve-etn.eu\/index.php\/researchers\/manuel-girela-arcona\/","title":{"rendered":"Gabriel Girela Arjona"},"content":{"rendered":"\n<div class=\"wp-block-media-text alignwide is-stacked-on-mobile\" style=\"grid-template-columns:15% auto\"><figure class=\"wp-block-media-text__media\"><img loading=\"lazy\" decoding=\"async\" width=\"271\" height=\"271\" src=\"https:\/\/www.improve-etn.eu\/wp-content\/uploads\/2022\/05\/Gabriel_t2.png\" alt=\"\" class=\"wp-image-4583 size-full\" srcset=\"https:\/\/www.improve-etn.eu\/wp-content\/uploads\/2022\/05\/Gabriel_t2.png 271w, https:\/\/www.improve-etn.eu\/wp-content\/uploads\/2022\/05\/Gabriel_t2-150x150.png 150w\" sizes=\"auto, (max-width: 271px) 100vw, 271px\" \/><\/figure><div class=\"wp-block-media-text__content\">\n<h3 class=\"wp-block-heading\">Gabriel Girela Arjona<\/h3>\n\n\n\n<p><strong>Nationality<\/strong>: Spanish<br><strong>Institution<\/strong>: Istituto Nazionale di Geofisica e Vulcanologia<br><strong>Country<\/strong>: Italy<br><strong>Research Title<\/strong>: Thermo-mechanical modelling of the shallow magmatic body at Krafla<\/p>\n<\/div><\/div>\n\n\n\n<hr class=\"wp-block-separator has-text-color has-css-opacity has-background is-style-wide\" style=\"background-color:#cecece;color:#cecece\"\/>\n\n\n\n<h4 class=\"wp-block-heading has-text-align-left\">PROJECT SUMMARY<\/h4>\n\n\n\n<p>The objective of the project is to to constrain the dynamics and thermo-mechanical properties of the shallow magmatic body and its relationships with the deeper magmatic system. The expected results are: 1) 2D\/3D numerical simulations of the thermo-fluid dynamics of magmas involved in the generation and evolution of the shallow system at Krafla; 2) development of a database of numerical results; 3) constraints on the dynamic conditions necessary for melt existence at shallow depth; 4) application to the Krafla case of the methods developed by ESRs#2, 14, for Etna; 5) constraints on the thermo-mechanical properties of the shallow magma, for use in thermal modelling and inverse source modelling by ESRs #5, 6, 7, 11, 13.<\/p>\n\n\n\n<h4 class=\"wp-block-heading has-text-align-left\">Scientific Background<\/h4>\n\n\n\n<p>I graduated from the University Complutense of Madrid with a BSc in Geology in 2019, followed by a MSc Degree in Exploration of Hydrocarbons and Mineral Resources from the very same university in 2021. For my MSc Degree final project I did a mineralogical characterization of the oxidation zone of the epithermal Zn-Pb-Ag deposit of Patricia, Paguanta Mining Project in Chile, thanks to what I was able to work with electron microprobe and scanning electron microscope data along with optical microscopes.<\/p>\n\n\n\n<h4 class=\"wp-block-heading\">Activity Record<\/h4>\n\n\n<style>#sp-ea-6493 .spcollapsing { height: 0; overflow: hidden; transition-property: height;transition-duration: 300ms;}#sp-ea-6493.sp-easy-accordion>.sp-ea-single {margin-bottom: 10px; border: 1px solid #5f95db; }#sp-ea-6493.sp-easy-accordion>.sp-ea-single>.ea-header a {color: #496ba8;}#sp-ea-6493.sp-easy-accordion>.sp-ea-single>.sp-collapse>.ea-body {background: #fff; color: #444;}#sp-ea-6493.sp-easy-accordion>.sp-ea-single {background: #eff4fc;}#sp-ea-6493.sp-easy-accordion>.sp-ea-single>.ea-header a .ea-expand-icon { float: right; color: #496ba8;font-size: 16px;}#sp-ea-6493.sp-easy-accordion>.sp-ea-single>.ea-header a .ea-expand-icon {margin-right: 0;}<\/style><div id=\"sp_easy_accordion-1710512941\"><div id=\"sp-ea-6493\" class=\"sp-ea-one sp-easy-accordion\" data-ea-active=\"ea-click\" data-ea-mode=\"vertical\" data-preloader=\"\" data-scroll-active-item=\"\" data-offset-to-scroll=\"0\"><div class=\"ea-card ea-expand sp-ea-single\"><h3 class=\"ea-header\"><a class=\"collapsed\" id=\"ea-header-64930\" role=\"button\" data-sptoggle=\"spcollapse\" data-sptarget=\"#collapse64930\" aria-controls=\"collapse64930\" href=\"#\" aria-expanded=\"true\" tabindex=\"0\"><i aria-hidden=\"true\" role=\"presentation\" class=\"ea-expand-icon eap-icon-ea-expand-minus\"><\/i> Conference - Workshop - Meeting<\/a><\/h3><div class=\"sp-collapse spcollapse collapsed show\" id=\"collapse64930\" data-parent=\"#sp-ea-6493\" role=\"region\" aria-labelledby=\"ea-header-64930\"> <div class=\"ea-body\"><table id=\"tablepress-71\" class=\"tablepress tablepress-id-71\"><thead><tr class=\"row-1\"><th class=\"column-1\">Year<\/th><th class=\"column-2\">Authors<\/th><th class=\"column-3\">Title<\/th><th class=\"column-4\">Congress<\/th><th class=\"column-5\">Type<\/th><th class=\"column-6\">DOI<\/th><\/tr><\/thead><tbody class=\"row-striping row-hover\"><tr class=\"row-2\"><td class=\"column-1\">2023<\/td><td class=\"column-2\">Gabriel Girela Arjona, Paolo Papale, Deepak Garg, Simone Colucci, and Chiara Montagna <\/td><td class=\"column-3\">2D numerical simulation of the shallow magmatic body at Krafla<\/td><td class=\"column-4\">EGU23-2030<\/td><td class=\"column-5\">Presentation<\/td><td class=\"column-6\"><a href=\"https:\/\/doi.org\/10.5194\/egusphere-egu23-2030\" target=\"blank\" rel=\"noopener\">https:\/\/doi.org\/10.5194\/egusphere-egu23-2030<\/a><\/td><\/tr><tr class=\"row-3\"><td class=\"column-1\">2024<\/td><td class=\"column-2\">Gabriel Girela Arjona, Paolo Papale, Deepak Garg, Chiara Montagna, Simone Colucci, Antonella Longo<\/td><td class=\"column-3\">2D numerical simulation of the shallow magmatic body at Krafla<\/td><td class=\"column-4\">Cities on Volcanoes 12<\/td><td class=\"column-5\">Poster<\/td><td class=\"column-6\"><\/td><\/tr><\/tbody><\/table><\/div><\/div><\/div><div class=\"ea-card sp-ea-single\"><h3 class=\"ea-header\"><a class=\"collapsed\" id=\"ea-header-64931\" role=\"button\" data-sptoggle=\"spcollapse\" data-sptarget=\"#collapse64931\" aria-controls=\"collapse64931\" href=\"#\" aria-expanded=\"false\" tabindex=\"0\"><i aria-hidden=\"true\" role=\"presentation\" class=\"ea-expand-icon eap-icon-ea-expand-plus\"><\/i> Training Events Attended<\/a><\/h3><div class=\"sp-collapse spcollapse \" id=\"collapse64931\" data-parent=\"#sp-ea-6493\" role=\"region\" aria-labelledby=\"ea-header-64931\"> <div class=\"ea-body\"><table id=\"tablepress-72\" class=\"tablepress tablepress-id-72\"><thead><tr class=\"row-1\"><th class=\"column-1\">Data (from)<\/th><th class=\"column-2\">Data (to)<\/th><th class=\"column-3\">Type<\/th><th class=\"column-4\">Title<\/th><th class=\"column-5\">Venue<\/th><\/tr><\/thead><tbody class=\"row-striping row-hover\"><tr class=\"row-2\"><td class=\"column-1\">6\/11\/2022<\/td><td class=\"column-2\">6\/16\/2022<\/td><td class=\"column-3\">School<\/td><td class=\"column-4\">Geothermal and Magmatic Systems<\/td><td class=\"column-5\">Laugar, Reykjadalur, North Iceland<\/td><\/tr><tr class=\"row-3\"><td class=\"column-1\">6\/17\/2022<\/td><td class=\"column-2\">7\/3\/2022<\/td><td class=\"column-3\">Multiparametric Experiment<\/td><td class=\"column-4\">Krafla multiparametric experiment<\/td><td class=\"column-5\">Krafla multiparametric experiment<\/td><\/tr><tr class=\"row-4\"><td class=\"column-1\">5\/14\/2023<\/td><td class=\"column-2\">5\/20\/2023<\/td><td class=\"column-3\">School<\/td><td class=\"column-4\">Geophysical data inversion and numerical forward modelling<\/td><td class=\"column-5\">Carlingford, Ireland<\/td><\/tr><tr class=\"row-5\"><td class=\"column-1\">7\/24\/2023<\/td><td class=\"column-2\">7\/28\/2023<\/td><td class=\"column-3\">School<\/td><td class=\"column-4\">Multiparametric Volcano Monitoring: Data Processing, Analysis and Modelling<\/td><td class=\"column-5\">Nicolosi (Mount Etna), Italy<\/td><\/tr><tr class=\"row-6\"><td class=\"column-1\">7\/23\/2023<\/td><td class=\"column-2\">8\/2\/2023<\/td><td class=\"column-3\">Multiparametric Experiment<\/td><td class=\"column-4\">Etna multiparametric experiment<\/td><td class=\"column-5\">Mount Etna, Sicily, Italy<\/td><\/tr><tr class=\"row-7\"><td class=\"column-1\">1\/21\/2023<\/td><td class=\"column-2\">1\/23\/2023<\/td><td class=\"column-3\">Specialized Short Course<\/td><td class=\"column-4\">Seismology and Imaging<\/td><td class=\"column-5\">ISTerre, Grenoble, France<\/td><\/tr><tr class=\"row-8\"><td class=\"column-1\">1\/24\/2024<\/td><td class=\"column-2\">1\/26\/2024<\/td><td class=\"column-3\">Specialized Short Course<\/td><td class=\"column-4\">Data Analysis and Pattern Recognition<\/td><td class=\"column-5\">Escuela T\u00e9cnica Superior de Ingenier\u00eda Inform\u00e1tica y de Telecomunicaci\u00f3n (ETSIIT) Granada<\/td><\/tr><\/tbody><\/table><\/div><\/div><\/div><div class=\"ea-card sp-ea-single\"><h3 class=\"ea-header\"><a class=\"collapsed\" id=\"ea-header-64932\" role=\"button\" data-sptoggle=\"spcollapse\" data-sptarget=\"#collapse64932\" aria-controls=\"collapse64932\" href=\"#\" aria-expanded=\"false\" tabindex=\"0\"><i aria-hidden=\"true\" role=\"presentation\" class=\"ea-expand-icon eap-icon-ea-expand-plus\"><\/i> Other Activities<\/a><\/h3><div class=\"sp-collapse spcollapse \" id=\"collapse64932\" data-parent=\"#sp-ea-6493\" role=\"region\" aria-labelledby=\"ea-header-64932\"> <div class=\"ea-body\"><table id=\"tablepress-73\" class=\"tablepress tablepress-id-73\"><thead><tr class=\"row-1\"><th class=\"column-1\">Data (from)<\/th><th class=\"column-2\">Data (to)<\/th><th class=\"column-3\">Type<\/th><th class=\"column-4\">Venue<\/th><th class=\"column-5\">Title<\/th><th class=\"column-6\">Description<\/th><\/tr><\/thead><tbody class=\"row-striping row-hover\"><tr class=\"row-2\"><td class=\"column-1\">9\/29\/2023<\/td><td class=\"column-2\">9\/29\/2023<\/td><td class=\"column-3\">Disemination activity<\/td><td class=\"column-4\">University of Pisa<\/td><td class=\"column-5\">Bright Night<\/td><td class=\"column-6\">European event for science dissemination hosted by several cities all across Europe<\/td><\/tr><tr class=\"row-3\"><td class=\"column-1\">6\/1\/2022<\/td><td class=\"column-2\">7\/8\/2022<\/td><td class=\"column-3\">Secondment<\/td><td class=\"column-4\">University of Icelan<\/td><td class=\"column-5\">Secondment at University of Iceland<\/td><td class=\"column-6\">First month of a three-months secondment on the thermal state and evolution of the shallow magmatic system at Krafla caldera<\/td><\/tr><\/tbody><\/table><\/div><\/div><\/div><\/div><\/div>\n","protected":false},"excerpt":{"rendered":"<p>Gabriel Girela Arjona Nationality: SpanishInstitution: Istituto Nazionale di Geofisica e VulcanologiaCountry: ItalyResearch Title: Thermo-mechanical modelling of the shallow magmatic body at Krafla PROJECT SUMMARY The objective of the project is to to constrain the dynamics and thermo-mechanical properties of the shallow magmatic body and its relationships with the deeper magmatic system. The expected results are: [&hellip;]<\/p>\n","protected":false},"author":1,"featured_media":0,"parent":4278,"menu_order":0,"comment_status":"closed","ping_status":"closed","template":"","meta":{"footnotes":""},"class_list":["post-4521","page","type-page","status-publish","hentry"],"jetpack_sharing_enabled":true,"_links":{"self":[{"href":"https:\/\/www.improve-etn.eu\/index.php\/wp-json\/wp\/v2\/pages\/4521","targetHints":{"allow":["GET"]}}],"collection":[{"href":"https:\/\/www.improve-etn.eu\/index.php\/wp-json\/wp\/v2\/pages"}],"about":[{"href":"https:\/\/www.improve-etn.eu\/index.php\/wp-json\/wp\/v2\/types\/page"}],"author":[{"embeddable":true,"href":"https:\/\/www.improve-etn.eu\/index.php\/wp-json\/wp\/v2\/users\/1"}],"replies":[{"embeddable":true,"href":"https:\/\/www.improve-etn.eu\/index.php\/wp-json\/wp\/v2\/comments?post=4521"}],"version-history":[{"count":39,"href":"https:\/\/www.improve-etn.eu\/index.php\/wp-json\/wp\/v2\/pages\/4521\/revisions"}],"predecessor-version":[{"id":6494,"href":"https:\/\/www.improve-etn.eu\/index.php\/wp-json\/wp\/v2\/pages\/4521\/revisions\/6494"}],"up":[{"embeddable":true,"href":"https:\/\/www.improve-etn.eu\/index.php\/wp-json\/wp\/v2\/pages\/4278"}],"wp:attachment":[{"href":"https:\/\/www.improve-etn.eu\/index.php\/wp-json\/wp\/v2\/media?parent=4521"}],"curies":[{"name":"wp","href":"https:\/\/api.w.org\/{rel}","templated":true}]}}